{"id":1104,"date":"2022-01-12T20:52:11","date_gmt":"2022-01-12T19:52:11","guid":{"rendered":"https:\/\/inclusion4all.eu\/partners\/"},"modified":"2022-01-22T12:04:10","modified_gmt":"2022-01-22T11:04:10","slug":"partners","status":"publish","type":"page","link":"https:\/\/inclusion4all.eu\/nl\/partners\/","title":{"rendered":"Partners"},"content":{"rendered":"\t\t<div data-elementor-type=\"wp-page\" data-elementor-id=\"1104\" class=\"elementor elementor-1104 elementor-404\">\n\t\t\t\t\t\t\t\t\t<section class=\"elementor-section elementor-top-section elementor-element elementor-element-e82c012 elementor-section-full_width elementor-section-height-default elementor-section-height-default\" data-id=\"e82c012\" data-element_type=\"section\" data-settings=\"{&quot;background_background&quot;:&quot;classic&quot;}\">\n\t\t\t\t\t\t<div class=\"elementor-container elementor-column-gap-no\">\n\t\t\t\t\t<div class=\"elementor-column elementor-col-100 elementor-top-column elementor-element elementor-element-4cd29b5\" data-id=\"4cd29b5\" data-element_type=\"column\">\n\t\t\t<div class=\"elementor-widget-wrap elementor-element-populated\">\n\t\t\t\t\t\t\t\t<div class=\"elementor-element elementor-element-ed17410 elementor-widget elementor-widget-heading\" data-id=\"ed17410\" data-element_type=\"widget\" data-widget_type=\"heading.default\">\n\t\t\t\t<div class=\"elementor-widget-container\">\n\t\t\t<h1 class=\"elementor-heading-title elementor-size-default\">Partners<\/h1>\t\t<\/div>\n\t\t\t\t<\/div>\n\t\t\t\t\t<\/div>\n\t\t<\/div>\n\t\t\t\t\t\t\t<\/div>\n\t\t<\/section>\n\t\t\t\t<section class=\"elementor-section elementor-top-section elementor-element elementor-element-775afd7 elementor-section-full_width elementor-section-height-default elementor-section-height-default\" data-id=\"775afd7\" data-element_type=\"section\" data-settings=\"{&quot;background_background&quot;:&quot;classic&quot;}\">\n\t\t\t\t\t\t<div class=\"elementor-container elementor-column-gap-no\">\n\t\t\t\t\t<div class=\"elementor-column elementor-col-100 elementor-top-column elementor-element elementor-element-f068c70\" data-id=\"f068c70\" data-element_type=\"column\">\n\t\t\t<div class=\"elementor-widget-wrap elementor-element-populated\">\n\t\t\t\t\t\t\t\t<div class=\"elementor-element elementor-element-cd4b551 elementor-widget elementor-widget-heading\" data-id=\"cd4b551\" data-element_type=\"widget\" data-widget_type=\"heading.default\">\n\t\t\t\t<div class=\"elementor-widget-container\">\n\t\t\t<h2 class=\"elementor-heading-title elementor-size-default\">H\u00e1tt\u00e9r<\/h2>\t\t<\/div>\n\t\t\t\t<\/div>\n\t\t\t\t<section class=\"elementor-section elementor-inner-section elementor-element elementor-element-3ee42ba elementor-section-full_width elementor-section-height-default elementor-section-height-default\" data-id=\"3ee42ba\" data-element_type=\"section\">\n\t\t\t\t\t\t<div class=\"elementor-container elementor-column-gap-no\">\n\t\t\t\t\t<div class=\"elementor-column elementor-col-50 elementor-inner-column elementor-element elementor-element-8beca15\" data-id=\"8beca15\" data-element_type=\"column\">\n\t\t\t<div class=\"elementor-widget-wrap elementor-element-populated\">\n\t\t\t\t\t\t\t\t<div class=\"elementor-element elementor-element-3bafbee elementor-widget elementor-widget-text-editor\" data-id=\"3bafbee\" data-element_type=\"widget\" data-widget_type=\"text-editor.default\">\n\t\t\t\t<div class=\"elementor-widget-container\">\n\t\t\t\t\t\t\t<p>H\u00e1tt\u00e9r Society, opgericht in 1995, is de grootste en oudste momenteel operationele lesbische, homoseksuele, biseksuele, transgender, queer en intersekse (LHBTQI) organisatie in Hongarije. Onze doelen zijn het onder de aandacht brengen van problemen die LHBTQI personen ervaren; het aanbieden van ondersteuning aan LHBTQI personen; het onderzoeken van de omstandigheden en behoeften van LHBTQI personen; het mainstream maken van LGBTQI vraagstukken in wetten en publieke voorzieningen; het beschermen van de mensenrechten van LHBTQI mensen en het tegenwerken van discriminatie tegen hen; het bevorderen van de gezondheid en het welzijn van LHBTQI mensen; het aanmoedigen van zelf-organisatie binnen LHBTQI communities; en het beschermen en verspreiden van LHBTQI erfgoed en cultuur.<\/p>\t\t\t\t\t\t<\/div>\n\t\t\t\t<\/div>\n\t\t\t\t<div class=\"elementor-element elementor-element-d4808a9 I4A-txt-link elementor-widget elementor-widget-heading\" data-id=\"d4808a9\" data-element_type=\"widget\" data-widget_type=\"heading.default\">\n\t\t\t\t<div class=\"elementor-widget-container\">\n\t\t\t<p class=\"elementor-heading-title elementor-size-default\"><a href=\"https:\/\/en.hatter.hu\/\" target=\"_blank\">en.hatter.hu<\/a><\/p>\t\t<\/div>\n\t\t\t\t<\/div>\n\t\t\t\t\t<\/div>\n\t\t<\/div>\n\t\t\t\t<div class=\"elementor-column elementor-col-50 elementor-inner-column elementor-element elementor-element-5f0a8e6\" data-id=\"5f0a8e6\" data-element_type=\"column\">\n\t\t\t<div class=\"elementor-widget-wrap elementor-element-populated\">\n\t\t\t\t\t\t\t\t<div class=\"elementor-element elementor-element-b22d9a8 elementor-widget elementor-widget-image\" data-id=\"b22d9a8\" data-element_type=\"widget\" data-widget_type=\"image.default\">\n\t\t\t\t<div class=\"elementor-widget-container\">\n\t\t\t\t\t\t\t\t\t\t\t\t\t\t\t\t<a href=\"https:\/\/en.hatter.hu\/\" target=\"_blank\">\n\t\t\t\t\t\t\t<img width=\"252\" height=\"326\" src=\"https:\/\/inclusion4all.eu\/wp-content\/uploads\/2022\/01\/hatter.png\" class=\"attachment-large size-large\" alt=\"\" loading=\"lazy\" srcset=\"https:\/\/inclusion4all.eu\/wp-content\/uploads\/2022\/01\/hatter.png 252w, https:\/\/inclusion4all.eu\/wp-content\/uploads\/2022\/01\/hatter-232x300.png 232w\" sizes=\"(max-width: 252px) 100vw, 252px\" \/>\t\t\t\t\t\t\t\t<\/a>\n\t\t\t\t\t\t\t\t\t\t\t\t\t\t\t<\/div>\n\t\t\t\t<\/div>\n\t\t\t\t\t<\/div>\n\t\t<\/div>\n\t\t\t\t\t\t\t<\/div>\n\t\t<\/section>\n\t\t\t\t<div class=\"elementor-element elementor-element-3902e31 elementor-widget elementor-widget-heading\" data-id=\"3902e31\" data-element_type=\"widget\" data-widget_type=\"heading.default\">\n\t\t\t\t<div class=\"elementor-widget-container\">\n\t\t\t<h2 class=\"elementor-heading-title elementor-size-default\">University of Brescia<\/h2>\t\t<\/div>\n\t\t\t\t<\/div>\n\t\t\t\t<section class=\"elementor-section elementor-inner-section elementor-element elementor-element-8520951 elementor-section-full_width elementor-section-height-default elementor-section-height-default\" data-id=\"8520951\" data-element_type=\"section\">\n\t\t\t\t\t\t<div class=\"elementor-container elementor-column-gap-no\">\n\t\t\t\t\t<div class=\"elementor-column elementor-col-50 elementor-inner-column elementor-element elementor-element-b582992\" data-id=\"b582992\" data-element_type=\"column\">\n\t\t\t<div class=\"elementor-widget-wrap elementor-element-populated\">\n\t\t\t\t\t\t\t\t<div class=\"elementor-element elementor-element-b52e53c elementor-widget elementor-widget-text-editor\" data-id=\"b52e53c\" data-element_type=\"widget\" data-widget_type=\"text-editor.default\">\n\t\t\t\t<div class=\"elementor-widget-container\">\n\t\t\t\t\t\t\t<p>University of Brescia is een publieke Italiaanse onderzoeksuniversiteit in Brescia die officieel gevestigd is in 1982. De University of Brescia is nu een middengrote universiteit en biedt programma\u2019s van kwaliteit en competitief onderzoek aan in onderzoeksgebieden gerelateerd aan Gezondheidswetenschappen, Rechten, Ingenieurswetenschappen en Economie.<br \/>De universiteit richt zich op het continu bevorderen van de kwaliteit van leven van de mensen en de omgeving van Brescia, Itali\u00eb en de wereld als geheel. Dit doet zij door middel van het ontwikkelen van ge\u00efntegreerde culturele en technische kennis en door het aanbieden van trainingen en tools om de uitdagingen van onze tijd aan te gaan.<\/p>\t\t\t\t\t\t<\/div>\n\t\t\t\t<\/div>\n\t\t\t\t<div class=\"elementor-element elementor-element-9870075 I4A-txt-link elementor-widget elementor-widget-heading\" data-id=\"9870075\" data-element_type=\"widget\" data-widget_type=\"heading.default\">\n\t\t\t\t<div class=\"elementor-widget-container\">\n\t\t\t<p class=\"elementor-heading-title elementor-size-default\"><a href=\"https:\/\/www.unibs.it\/\" target=\"_blank\">www.unibs.it<\/a><\/p>\t\t<\/div>\n\t\t\t\t<\/div>\n\t\t\t\t\t<\/div>\n\t\t<\/div>\n\t\t\t\t<div class=\"elementor-column elementor-col-50 elementor-inner-column elementor-element elementor-element-7183055\" data-id=\"7183055\" data-element_type=\"column\">\n\t\t\t<div class=\"elementor-widget-wrap elementor-element-populated\">\n\t\t\t\t\t\t\t\t<div class=\"elementor-element elementor-element-eb4fae3 elementor-widget elementor-widget-image\" data-id=\"eb4fae3\" data-element_type=\"widget\" data-widget_type=\"image.default\">\n\t\t\t\t<div class=\"elementor-widget-container\">\n\t\t\t\t\t\t\t\t\t\t\t\t\t\t\t\t<a href=\"https:\/\/www.unibs.it\/\" target=\"_blank\">\n\t\t\t\t\t\t\t<img width=\"446\" height=\"185\" src=\"https:\/\/inclusion4all.eu\/wp-content\/uploads\/2022\/01\/Unibs.png\" class=\"attachment-large size-large\" alt=\"\" loading=\"lazy\" srcset=\"https:\/\/inclusion4all.eu\/wp-content\/uploads\/2022\/01\/Unibs.png 446w, https:\/\/inclusion4all.eu\/wp-content\/uploads\/2022\/01\/Unibs-300x124.png 300w\" sizes=\"(max-width: 446px) 100vw, 446px\" \/>\t\t\t\t\t\t\t\t<\/a>\n\t\t\t\t\t\t\t\t\t\t\t\t\t\t\t<\/div>\n\t\t\t\t<\/div>\n\t\t\t\t\t<\/div>\n\t\t<\/div>\n\t\t\t\t\t\t\t<\/div>\n\t\t<\/section>\n\t\t\t\t<div class=\"elementor-element elementor-element-3edbe1b elementor-widget elementor-widget-heading\" data-id=\"3edbe1b\" data-element_type=\"widget\" data-widget_type=\"heading.default\">\n\t\t\t\t<div class=\"elementor-widget-container\">\n\t\t\t<h2 class=\"elementor-heading-title elementor-size-default\">SURT<\/h2>\t\t<\/div>\n\t\t\t\t<\/div>\n\t\t\t\t<section class=\"elementor-section elementor-inner-section elementor-element elementor-element-777bfdf elementor-section-full_width elementor-section-height-default elementor-section-height-default\" data-id=\"777bfdf\" data-element_type=\"section\">\n\t\t\t\t\t\t<div class=\"elementor-container elementor-column-gap-no\">\n\t\t\t\t\t<div class=\"elementor-column elementor-col-50 elementor-inner-column elementor-element elementor-element-bb10149\" data-id=\"bb10149\" data-element_type=\"column\">\n\t\t\t<div class=\"elementor-widget-wrap elementor-element-populated\">\n\t\t\t\t\t\t\t\t<div class=\"elementor-element elementor-element-b892891 elementor-widget elementor-widget-text-editor\" data-id=\"b892891\" data-element_type=\"widget\" data-widget_type=\"text-editor.default\">\n\t\t\t\t<div class=\"elementor-widget-container\">\n\t\t\t\t\t\t\t<p>SURT is een vrouwenstichting gevestigd in Barcelona sinds 1993. SURT richt zich op het handhaven van de economische, sociale en culturele rechten van vrouwen en LHBTQI mensen. Ook richt zij zich op het uitroeien van elke vorm van discriminatie op de basis van gender.<\/p>\t\t\t\t\t\t<\/div>\n\t\t\t\t<\/div>\n\t\t\t\t<div class=\"elementor-element elementor-element-313e6d0 I4A-txt-link elementor-widget elementor-widget-heading\" data-id=\"313e6d0\" data-element_type=\"widget\" data-widget_type=\"heading.default\">\n\t\t\t\t<div class=\"elementor-widget-container\">\n\t\t\t<p class=\"elementor-heading-title elementor-size-default\"><a href=\"https:\/\/www.surt.org\/\" target=\"_blank\">www.surt.org<\/a><\/p>\t\t<\/div>\n\t\t\t\t<\/div>\n\t\t\t\t\t<\/div>\n\t\t<\/div>\n\t\t\t\t<div class=\"elementor-column elementor-col-50 elementor-inner-column elementor-element elementor-element-eacc009\" data-id=\"eacc009\" data-element_type=\"column\">\n\t\t\t<div class=\"elementor-widget-wrap elementor-element-populated\">\n\t\t\t\t\t\t\t\t<div class=\"elementor-element elementor-element-9181a85 elementor-widget elementor-widget-image\" data-id=\"9181a85\" data-element_type=\"widget\" data-widget_type=\"image.default\">\n\t\t\t\t<div class=\"elementor-widget-container\">\n\t\t\t\t\t\t\t\t\t\t\t\t\t\t\t\t<a href=\"https:\/\/www.surt.org\/\" target=\"_blank\">\n\t\t\t\t\t\t\t<img width=\"326\" height=\"147\" src=\"https:\/\/inclusion4all.eu\/wp-content\/uploads\/2022\/01\/SURT.png\" class=\"attachment-large size-large\" alt=\"\" loading=\"lazy\" srcset=\"https:\/\/inclusion4all.eu\/wp-content\/uploads\/2022\/01\/SURT.png 326w, https:\/\/inclusion4all.eu\/wp-content\/uploads\/2022\/01\/SURT-300x135.png 300w\" sizes=\"(max-width: 326px) 100vw, 326px\" \/>\t\t\t\t\t\t\t\t<\/a>\n\t\t\t\t\t\t\t\t\t\t\t\t\t\t\t<\/div>\n\t\t\t\t<\/div>\n\t\t\t\t\t<\/div>\n\t\t<\/div>\n\t\t\t\t\t\t\t<\/div>\n\t\t<\/section>\n\t\t\t\t<div class=\"elementor-element elementor-element-0eb37fb elementor-widget elementor-widget-heading\" data-id=\"0eb37fb\" data-element_type=\"widget\" data-widget_type=\"heading.default\">\n\t\t\t\t<div class=\"elementor-widget-container\">\n\t\t\t<h2 class=\"elementor-heading-title elementor-size-default\">TNN<\/h2>\t\t<\/div>\n\t\t\t\t<\/div>\n\t\t\t\t<section class=\"elementor-section elementor-inner-section elementor-element elementor-element-2aad5b1 elementor-section-full_width elementor-section-height-default elementor-section-height-default\" data-id=\"2aad5b1\" data-element_type=\"section\">\n\t\t\t\t\t\t<div class=\"elementor-container elementor-column-gap-no\">\n\t\t\t\t\t<div class=\"elementor-column elementor-col-50 elementor-inner-column elementor-element elementor-element-ea31c22\" data-id=\"ea31c22\" data-element_type=\"column\">\n\t\t\t<div class=\"elementor-widget-wrap elementor-element-populated\">\n\t\t\t\t\t\t\t\t<div class=\"elementor-element elementor-element-2977bcf elementor-widget elementor-widget-text-editor\" data-id=\"2977bcf\" data-element_type=\"widget\" data-widget_type=\"text-editor.default\">\n\t\t\t\t<div class=\"elementor-widget-container\">\n\t\t\t\t\t\t\t<p>Transgender Netwerk Nederland is de stichting die zich in Nederland sinds 2008 landelijk inzet voor de emancipatie van transgender en non-binaire personen en hun omgeving. TNN is op diverse thema\u2019s actief om de emancipatie van deze personen te bevorderen, met als uiteindelijk doel om een genderdiverse samenleving mogelijk te maken.<\/p>\t\t\t\t\t\t<\/div>\n\t\t\t\t<\/div>\n\t\t\t\t<div class=\"elementor-element elementor-element-a426305 I4A-txt-link elementor-widget elementor-widget-heading\" data-id=\"a426305\" data-element_type=\"widget\" data-widget_type=\"heading.default\">\n\t\t\t\t<div class=\"elementor-widget-container\">\n\t\t\t<p class=\"elementor-heading-title elementor-size-default\"><a href=\"https:\/\/www.transgendernetwerk.nl\/\" target=\"_blank\">www.transgendernetwerk.nl<\/a><\/p>\t\t<\/div>\n\t\t\t\t<\/div>\n\t\t\t\t\t<\/div>\n\t\t<\/div>\n\t\t\t\t<div class=\"elementor-column elementor-col-50 elementor-inner-column elementor-element elementor-element-f048e2d\" data-id=\"f048e2d\" data-element_type=\"column\">\n\t\t\t<div class=\"elementor-widget-wrap elementor-element-populated\">\n\t\t\t\t\t\t\t\t<div class=\"elementor-element elementor-element-60146c0 elementor-widget elementor-widget-image\" data-id=\"60146c0\" data-element_type=\"widget\" data-widget_type=\"image.default\">\n\t\t\t\t<div class=\"elementor-widget-container\">\n\t\t\t\t\t\t\t\t\t\t\t\t\t\t\t\t<a href=\"https:\/\/www.transgendernetwerk.nl\/\" target=\"_blank\">\n\t\t\t\t\t\t\t<img width=\"404\" height=\"210\" src=\"https:\/\/inclusion4all.eu\/wp-content\/uploads\/2022\/01\/TNN.png\" class=\"attachment-large size-large\" alt=\"\" loading=\"lazy\" srcset=\"https:\/\/inclusion4all.eu\/wp-content\/uploads\/2022\/01\/TNN.png 404w, https:\/\/inclusion4all.eu\/wp-content\/uploads\/2022\/01\/TNN-300x156.png 300w\" sizes=\"(max-width: 404px) 100vw, 404px\" \/>\t\t\t\t\t\t\t\t<\/a>\n\t\t\t\t\t\t\t\t\t\t\t\t\t\t\t<\/div>\n\t\t\t\t<\/div>\n\t\t\t\t\t<\/div>\n\t\t<\/div>\n\t\t\t\t\t\t\t<\/div>\n\t\t<\/section>\n\t\t\t\t<div class=\"elementor-element elementor-element-05f9659 elementor-widget elementor-widget-heading\" data-id=\"05f9659\" data-element_type=\"widget\" data-widget_type=\"heading.default\">\n\t\t\t\t<div class=\"elementor-widget-container\">\n\t\t\t<h2 class=\"elementor-heading-title elementor-size-default\">Zagreb Pride<\/h2>\t\t<\/div>\n\t\t\t\t<\/div>\n\t\t\t\t<section class=\"elementor-section elementor-inner-section elementor-element elementor-element-d8960a8 elementor-section-full_width elementor-section-height-default elementor-section-height-default\" data-id=\"d8960a8\" data-element_type=\"section\">\n\t\t\t\t\t\t<div class=\"elementor-container elementor-column-gap-no\">\n\t\t\t\t\t<div class=\"elementor-column elementor-col-50 elementor-inner-column elementor-element elementor-element-9ae76c3\" data-id=\"9ae76c3\" data-element_type=\"column\">\n\t\t\t<div class=\"elementor-widget-wrap elementor-element-populated\">\n\t\t\t\t\t\t\t\t<div class=\"elementor-element elementor-element-4c32492 elementor-widget elementor-widget-text-editor\" data-id=\"4c32492\" data-element_type=\"widget\" data-widget_type=\"text-editor.default\">\n\t\t\t\t<div class=\"elementor-widget-container\">\n\t\t\t\t\t\t\t<p>Zagreb Pride is een queer feministische en anti-fascistische organisatie die zich inzet voor het bereiken van een samenleving van solidariteit en gelijkheid, vrij van zowel seksuele en gendernormen en categorie\u00ebn, als vrij van alle andere vormen van onderdrukking.<\/p>\t\t\t\t\t\t<\/div>\n\t\t\t\t<\/div>\n\t\t\t\t<div class=\"elementor-element elementor-element-dbace54 I4A-txt-link elementor-widget elementor-widget-heading\" data-id=\"dbace54\" data-element_type=\"widget\" data-widget_type=\"heading.default\">\n\t\t\t\t<div class=\"elementor-widget-container\">\n\t\t\t<p class=\"elementor-heading-title elementor-size-default\"><a href=\"https:\/\/www.zagreb-pride.net\/\" target=\"_blank\">www.zagreb-pride.net<\/a><\/p>\t\t<\/div>\n\t\t\t\t<\/div>\n\t\t\t\t\t<\/div>\n\t\t<\/div>\n\t\t\t\t<div class=\"elementor-column elementor-col-50 elementor-inner-column elementor-element elementor-element-4019039\" data-id=\"4019039\" data-element_type=\"column\">\n\t\t\t<div class=\"elementor-widget-wrap elementor-element-populated\">\n\t\t\t\t\t\t\t\t<div class=\"elementor-element elementor-element-a76dcfe elementor-widget elementor-widget-image\" data-id=\"a76dcfe\" data-element_type=\"widget\" data-widget_type=\"image.default\">\n\t\t\t\t<div class=\"elementor-widget-container\">\n\t\t\t\t\t\t\t\t\t\t\t\t\t\t\t\t<a href=\"https:\/\/www.zagreb-pride.net\/\" target=\"_blank\">\n\t\t\t\t\t\t\t<img width=\"258\" height=\"257\" src=\"https:\/\/inclusion4all.eu\/wp-content\/uploads\/2022\/01\/Zagreb-Pride.png\" class=\"attachment-large size-large\" alt=\"\" loading=\"lazy\" srcset=\"https:\/\/inclusion4all.eu\/wp-content\/uploads\/2022\/01\/Zagreb-Pride.png 258w, https:\/\/inclusion4all.eu\/wp-content\/uploads\/2022\/01\/Zagreb-Pride-150x150.png 150w\" sizes=\"(max-width: 258px) 100vw, 258px\" \/>\t\t\t\t\t\t\t\t<\/a>\n\t\t\t\t\t\t\t\t\t\t\t\t\t\t\t<\/div>\n\t\t\t\t<\/div>\n\t\t\t\t\t<\/div>\n\t\t<\/div>\n\t\t\t\t\t\t\t<\/div>\n\t\t<\/section>\n\t\t\t\t\t<\/div>\n\t\t<\/div>\n\t\t\t\t\t\t\t<\/div>\n\t\t<\/section>\n\t\t\t\t\t\t\t<\/div>\n\t\t","protected":false},"excerpt":{"rendered":"<p>Partners H\u00e1tt\u00e9r H\u00e1tt\u00e9r Society, opgericht in 1995, is de grootste en oudste momenteel operationele lesbische, homoseksuele, biseksuele, transgender, queer en intersekse (LHBTQI) organisatie in Hongarije. Onze doelen zijn het onder de aandacht brengen van problemen die LHBTQI personen ervaren; het aanbieden van ondersteuning aan LHBTQI personen; het onderzoeken van de omstandigheden en behoeften van LHBTQI [&hellip;]<\/p>\n","protected":false},"author":2,"featured_media":0,"parent":0,"menu_order":3,"comment_status":"closed","ping_status":"closed","template":"","meta":[],"_links":{"self":[{"href":"https:\/\/inclusion4all.eu\/nl\/wp-json\/wp\/v2\/pages\/1104"}],"collection":[{"href":"https:\/\/inclusion4all.eu\/nl\/wp-json\/wp\/v2\/pages"}],"about":[{"href":"https:\/\/inclusion4all.eu\/nl\/wp-json\/wp\/v2\/types\/page"}],"author":[{"embeddable":true,"href":"https:\/\/inclusion4all.eu\/nl\/wp-json\/wp\/v2\/users\/2"}],"replies":[{"embeddable":true,"href":"https:\/\/inclusion4all.eu\/nl\/wp-json\/wp\/v2\/comments?post=1104"}],"version-history":[{"count":4,"href":"https:\/\/inclusion4all.eu\/nl\/wp-json\/wp\/v2\/pages\/1104\/revisions"}],"predecessor-version":[{"id":1658,"href":"https:\/\/inclusion4all.eu\/nl\/wp-json\/wp\/v2\/pages\/1104\/revisions\/1658"}],"wp:attachment":[{"href":"https:\/\/inclusion4all.eu\/nl\/wp-json\/wp\/v2\/media?parent=1104"}],"curies":[{"name":"wp","href":"https:\/\/api.w.org\/{rel}","templated":true}]}}