{"id":1134,"date":"2022-01-05T13:48:48","date_gmt":"2022-01-05T12:48:48","guid":{"rendered":"https:\/\/inclusion4all.eu\/homepage\/"},"modified":"2022-01-29T09:13:02","modified_gmt":"2022-01-29T08:13:02","slug":"homepage","status":"publish","type":"page","link":"https:\/\/inclusion4all.eu\/it\/","title":{"rendered":"Homepage"},"content":{"rendered":"\t\t<div data-elementor-type=\"wp-page\" data-elementor-id=\"1134\" class=\"elementor elementor-1134 elementor-20\">\n\t\t\t\t\t\t\t\t\t<section class=\"elementor-section elementor-top-section elementor-element elementor-element-2bf29cb elementor-section-content-bottom elementor-section-full_width elementor-section-height-default elementor-section-height-default\" data-id=\"2bf29cb\" data-element_type=\"section\">\n\t\t\t\t\t\t<div class=\"elementor-container elementor-column-gap-no\">\n\t\t\t\t\t<div class=\"elementor-column elementor-col-50 elementor-top-column elementor-element elementor-element-4407a19\" data-id=\"4407a19\" data-element_type=\"column\">\n\t\t\t<div class=\"elementor-widget-wrap elementor-element-populated\">\n\t\t\t\t\t\t\t\t<div class=\"elementor-element elementor-element-473e92c elementor-widget__width-auto elementor-widget-mobile__width-inherit elementor-widget elementor-widget-image\" data-id=\"473e92c\" data-element_type=\"widget\" data-widget_type=\"image.default\">\n\t\t\t\t<div class=\"elementor-widget-container\">\n\t\t\t\t\t\t\t\t\t\t\t\t\t\t\t<img width=\"1\" height=\"1\" src=\"https:\/\/inclusion4all.eu\/wp-content\/uploads\/2022\/01\/inclusion4all-logo_v4.svg\" class=\"attachment-large size-large\" alt=\"\" loading=\"lazy\" \/>\t\t\t\t\t\t\t\t\t\t\t\t\t\t\t<\/div>\n\t\t\t\t<\/div>\n\t\t\t\t\t<\/div>\n\t\t<\/div>\n\t\t\t\t<div class=\"elementor-column elementor-col-50 elementor-top-column elementor-element elementor-element-ba71c21\" data-id=\"ba71c21\" data-element_type=\"column\">\n\t\t\t<div class=\"elementor-widget-wrap elementor-element-populated\">\n\t\t\t\t\t\t\t\t<div class=\"elementor-element elementor-element-8069654 elementor-widget__width-auto I4A-language-switcher home elementor-widget elementor-widget-wpml-language-switcher\" data-id=\"8069654\" data-element_type=\"widget\" data-widget_type=\"wpml-language-switcher.default\">\n\t\t\t\t<div class=\"elementor-widget-container\">\n\t\t\t<div class=\"wpml-elementor-ls\">\n<div class=\"wpml-ls-statics-shortcode_actions wpml-ls wpml-ls-legacy-list-horizontal\">\n\t<ul><li class=\"wpml-ls-slot-shortcode_actions wpml-ls-item wpml-ls-item-en wpml-ls-first-item wpml-ls-item-legacy-list-horizontal\">\n\t\t\t\t<a href=\"https:\/\/inclusion4all.eu\" class=\"wpml-ls-link\">\n                    <span class=\"wpml-ls-display\">EN<\/span><\/a>\n\t\t\t<\/li><li class=\"wpml-ls-slot-shortcode_actions wpml-ls-item wpml-ls-item-hr wpml-ls-item-legacy-list-horizontal\">\n\t\t\t\t<a href=\"https:\/\/inclusion4all.eu\/hr\/\" class=\"wpml-ls-link\">\n                    <span class=\"wpml-ls-display\">HR<\/span><\/a>\n\t\t\t<\/li><li class=\"wpml-ls-slot-shortcode_actions wpml-ls-item wpml-ls-item-it wpml-ls-current-language wpml-ls-item-legacy-list-horizontal\">\n\t\t\t\t<a href=\"https:\/\/inclusion4all.eu\/it\/\" class=\"wpml-ls-link\">\n                    <span class=\"wpml-ls-native\">IT<\/span><\/a>\n\t\t\t<\/li><li class=\"wpml-ls-slot-shortcode_actions wpml-ls-item wpml-ls-item-hu wpml-ls-item-legacy-list-horizontal\">\n\t\t\t\t<a href=\"https:\/\/inclusion4all.eu\/hu\/\" class=\"wpml-ls-link\">\n                    <span class=\"wpml-ls-display\">HU<\/span><\/a>\n\t\t\t<\/li><li class=\"wpml-ls-slot-shortcode_actions wpml-ls-item wpml-ls-item-nl wpml-ls-item-legacy-list-horizontal\">\n\t\t\t\t<a href=\"https:\/\/inclusion4all.eu\/nl\/\" class=\"wpml-ls-link\">\n                    <span class=\"wpml-ls-display\">NL<\/span><\/a>\n\t\t\t<\/li><li class=\"wpml-ls-slot-shortcode_actions wpml-ls-item wpml-ls-item-es wpml-ls-item-legacy-list-horizontal\">\n\t\t\t\t<a href=\"https:\/\/inclusion4all.eu\/es\/\" class=\"wpml-ls-link\">\n                    <span class=\"wpml-ls-display\">ES<\/span><\/a>\n\t\t\t<\/li><li class=\"wpml-ls-slot-shortcode_actions wpml-ls-item wpml-ls-item-ca wpml-ls-last-item wpml-ls-item-legacy-list-horizontal\">\n\t\t\t\t<a href=\"https:\/\/inclusion4all.eu\/ca\/\" class=\"wpml-ls-link\">\n                    <span class=\"wpml-ls-display\">CA<\/span><\/a>\n\t\t\t<\/li><\/ul>\n<\/div>\n<\/div>\t\t<\/div>\n\t\t\t\t<\/div>\n\t\t\t\t\t<\/div>\n\t\t<\/div>\n\t\t\t\t\t\t\t<\/div>\n\t\t<\/section>\n\t\t\t\t<section class=\"elementor-section elementor-top-section elementor-element elementor-element-48cb465 I4A-gradient-bg elementor-section-full_width elementor-section-height-default elementor-section-height-default\" data-id=\"48cb465\" data-element_type=\"section\">\n\t\t\t\t\t\t<div class=\"elementor-container elementor-column-gap-no\">\n\t\t\t\t\t<div class=\"elementor-column elementor-col-100 elementor-top-column elementor-element elementor-element-d4e9b9c\" data-id=\"d4e9b9c\" data-element_type=\"column\">\n\t\t\t<div class=\"elementor-widget-wrap elementor-element-populated\">\n\t\t\t\t\t\t\t\t<div class=\"elementor-element elementor-element-bbda64d elementor-widget elementor-widget-heading\" data-id=\"bbda64d\" data-element_type=\"widget\" data-widget_type=\"heading.default\">\n\t\t\t\t<div class=\"elementor-widget-container\">\n\t\t\t<h1 class=\"elementor-heading-title elementor-size-default\">Trans, intersex <br>and non-binary <br>people at work<\/h1>\t\t<\/div>\n\t\t\t\t<\/div>\n\t\t\t\t<div class=\"elementor-element elementor-element-588732a elementor-widget__width-auto elementor-absolute elementor-hidden-tablet elementor-hidden-mobile elementor-widget elementor-widget-html\" data-id=\"588732a\" data-element_type=\"widget\" data-settings=\"{&quot;_position&quot;:&quot;absolute&quot;}\" data-widget_type=\"html.default\">\n\t\t\t\t<div class=\"elementor-widget-container\">\n\t\t\t<style>\n  .one,\n  .two,\n  .three {\n    display: block;\n    width: 8px;\n    height: 8px;\n    -ms-transform: rotate(45deg);\n    \/* IE 9 *\/\n    -webkit-transform: rotate(45deg);\n    \/* Chrome, Safari, Opera *\/\n    transform: rotate(45deg);\n\n    border-right: 2px solid white;\n    border-bottom: 2px solid white;\n    margin: 0 auto;\n  }\n\n\n  .one {\n    margin-top: 6px;\n  }\n\n  .one,\n  .two,\n  .three {\n    -webkit-animation: mouse-scroll 1s infinite;\n    -moz-animation: mouse-scroll 1s infinite;\n  }\n\n  .one {\n    -webkit-animation-delay: .1s;\n    -moz-animation-delay: .1s;\n    -webkit-animation-direction: alternate;\n  }\n\n  .two {\n    -webkit-animation-delay: .2s;\n    -moz-animation-delay: .2s;\n    -webkit-animation-direction: alternate;\n  }\n\n  .three {\n    -webkit-animation-delay: .3s;\n    -moz-animation-delay: .3s;\n    -webkit-animation-direction: alternate;\n  }\n\n\n\n\n  .mouse {\n    height: 38px;\n    width: 24px;\n    border-radius: 20px;\n    transform: none;\n    border: 2px solid white;\n    top: 170px;\n  }\n\n  .wheel {\n    height: 8px;\n    width: 2px;\n    display: block;\n    margin: 7px auto;\n    background: white;\n    position: relative;\n  }\n\n  .wheel {\n\n  }\n\n  @-webkit-keyframes mouse-wheel {\n    0% {\n      opacity: 1;\n      -webkit-transform: translateY(0);\n      -ms-transform: translateY(0);\n      transform: translateY(0);\n    }\n\n    100% {\n      opacity: 0;\n      -webkit-transform: translateY(6px);\n      -ms-transform: translateY(6px);\n      transform: translateY(6px);\n    }\n  }\n\n  @-moz-keyframes mouse-wheel {\n    0% {\n      top: 1px;\n    }\n\n    50% {\n      top: 2px;\n    }\n\n    100% {\n      top: 3px;\n    }\n  }\n\n  @-webkit-keyframes mouse-scroll {\n\n    0% {\n      opacity: 0;\n    }\n\n    50% {\n      opacity: .5;\n    }\n\n    100% {\n      opacity: 1;\n    }\n  }\n\n  @-moz-keyframes mouse-scroll {\n\n    0% {\n      opacity: 0;\n    }\n\n    50% {\n      opacity: .5;\n    }\n\n    100% {\n      opacity: 1;\n    }\n  }\n\n  @-o-keyframes mouse-scroll {\n\n    0% {\n      opacity: 0;\n    }\n\n    50% {\n      opacity: .5;\n    }\n\n    100% {\n      opacity: 1;\n    }\n  }\n\n  @keyframes mouse-scroll {\n\n    0% {\n      opacity: 0;\n    }\n\n    50% {\n      opacity: .5;\n    }\n\n    100% {\n      opacity: 1;\n    }\n  }\n<\/style>\n<a href=\"#menu\">\n<div class=\"mouse\">\n  <div class=\"wheel\"><\/div>\n<\/div>\n<div><span class=\"one\"><\/span> <span class=\"two\"><\/span> <span class=\"three\"><\/span> <\/div><\/a>\t\t<\/div>\n\t\t\t\t<\/div>\n\t\t\t\t\t<\/div>\n\t\t<\/div>\n\t\t\t\t\t\t\t<\/div>\n\t\t<\/section>\n\t\t\t\t<nav class=\"elementor-section elementor-top-section elementor-element elementor-element-06c9eb4 elementor-section-content-middle elementor-section-height-min-height elementor-section-full_width elementor-section-height-default elementor-section-items-middle\" data-id=\"06c9eb4\" data-element_type=\"section\" id=\"menu\">\n\t\t\t\t\t\t<div class=\"elementor-container elementor-column-gap-no\">\n\t\t\t\t\t<div class=\"elementor-column elementor-col-25 elementor-top-column elementor-element elementor-element-f62257f\" data-id=\"f62257f\" data-element_type=\"column\">\n\t\t\t<div class=\"elementor-widget-wrap elementor-element-populated\">\n\t\t\t\t\t\t\t\t<div class=\"elementor-element elementor-element-d3ced7b I4A-txt-link elementor-hidden-tablet elementor-hidden-mobile elementor-widget elementor-widget-heading\" data-id=\"d3ced7b\" data-element_type=\"widget\" data-widget_type=\"heading.default\">\n\t\t\t\t<div class=\"elementor-widget-container\">\n\t\t\t<h3 class=\"elementor-heading-title elementor-size-default\"><a href=\"https:\/\/inclusion4all.eu\/it\/il-progetto\/\">Il Progetto<\/a><\/h3>\t\t<\/div>\n\t\t\t\t<\/div>\n\t\t\t\t\t<\/div>\n\t\t<\/div>\n\t\t\t\t<div class=\"elementor-column elementor-col-25 elementor-top-column elementor-element elementor-element-6ed465b\" data-id=\"6ed465b\" data-element_type=\"column\">\n\t\t\t<div class=\"elementor-widget-wrap elementor-element-populated\">\n\t\t\t\t\t\t\t\t<div class=\"elementor-element elementor-element-c1448a9 I4A-txt-link elementor-hidden-tablet elementor-hidden-mobile elementor-widget elementor-widget-heading\" data-id=\"c1448a9\" data-element_type=\"widget\" data-widget_type=\"heading.default\">\n\t\t\t\t<div class=\"elementor-widget-container\">\n\t\t\t<h3 class=\"elementor-heading-title elementor-size-default\"><a href=\"https:\/\/inclusion4all.eu\/it\/partners\/\">Partners<\/a><\/h3>\t\t<\/div>\n\t\t\t\t<\/div>\n\t\t\t\t\t<\/div>\n\t\t<\/div>\n\t\t\t\t<div class=\"elementor-column elementor-col-25 elementor-top-column elementor-element elementor-element-1aec5d7\" data-id=\"1aec5d7\" data-element_type=\"column\">\n\t\t\t<div class=\"elementor-widget-wrap elementor-element-populated\">\n\t\t\t\t\t\t\t\t<div class=\"elementor-element elementor-element-179196f I4A-txt-link elementor-hidden-tablet elementor-hidden-mobile elementor-widget elementor-widget-heading\" data-id=\"179196f\" data-element_type=\"widget\" data-widget_type=\"heading.default\">\n\t\t\t\t<div class=\"elementor-widget-container\">\n\t\t\t<h3 class=\"elementor-heading-title elementor-size-default\"><a href=\"https:\/\/inclusion4all.eu\/it\/attivita-del-progetto\/\">Attivit\u00e0 del Progetto<\/a><\/h3>\t\t<\/div>\n\t\t\t\t<\/div>\n\t\t\t\t\t<\/div>\n\t\t<\/div>\n\t\t\t\t<div class=\"elementor-column elementor-col-25 elementor-top-column elementor-element elementor-element-47416ef\" data-id=\"47416ef\" data-element_type=\"column\">\n\t\t\t<div class=\"elementor-widget-wrap elementor-element-populated\">\n\t\t\t\t\t\t\t\t<div class=\"elementor-element elementor-element-be556e6 I4A-txt-link elementor-hidden-tablet elementor-hidden-mobile elementor-widget elementor-widget-heading\" data-id=\"be556e6\" data-element_type=\"widget\" data-widget_type=\"heading.default\">\n\t\t\t\t<div class=\"elementor-widget-container\">\n\t\t\t<h3 class=\"elementor-heading-title elementor-size-default\"><a href=\"https:\/\/inclusion4all.eu\/it\/pubblicazioni\/\">Pubblicazioni<\/a><\/h3>\t\t<\/div>\n\t\t\t\t<\/div>\n\t\t\t\t\t<\/div>\n\t\t<\/div>\n\t\t\t\t\t\t\t<\/div>\n\t\t<\/nav>\n\t\t\t\t<section class=\"elementor-section elementor-top-section elementor-element elementor-element-31414b3 elementor-section-full_width elementor-section-height-default elementor-section-height-default\" data-id=\"31414b3\" data-element_type=\"section\">\n\t\t\t\t\t\t<div class=\"elementor-container elementor-column-gap-no\">\n\t\t\t\t\t<div class=\"elementor-column elementor-col-25 elementor-top-column elementor-element elementor-element-1be3be8\" data-id=\"1be3be8\" data-element_type=\"column\" data-settings=\"{&quot;background_background&quot;:&quot;classic&quot;}\">\n\t\t\t<div class=\"elementor-widget-wrap elementor-element-populated\">\n\t\t\t\t\t\t\t\t<div class=\"elementor-element elementor-element-8c0b077 I4A-txt-link elementor-hidden-desktop elementor-widget elementor-widget-heading\" data-id=\"8c0b077\" data-element_type=\"widget\" data-widget_type=\"heading.default\">\n\t\t\t\t<div class=\"elementor-widget-container\">\n\t\t\t<h3 class=\"elementor-heading-title elementor-size-default\"><a href=\"https:\/\/inclusion4all.eu\/it\/il-progetto\/\">Il Progetto<\/a><\/h3>\t\t<\/div>\n\t\t\t\t<\/div>\n\t\t\t\t<div class=\"elementor-element elementor-element-c56c85f elementor-widget elementor-widget-text-editor\" data-id=\"c56c85f\" data-element_type=\"widget\" data-widget_type=\"text-editor.default\">\n\t\t\t\t<div class=\"elementor-widget-container\">\n\t\t\t\t\t\t\t<p>INCLUSIONE PER TUTTI &#8211; le persone Trans, Intersex e Non Binarie sul posto di lavoro \u00e8 un progetto della durata di due anni, iniziato nel Novembre 2000 e realizzato in cinque paesi partner all\u2019interno del Programma Diritti, Uguaglianza e Cittadinanza dell&#8217;Unione Europea.<\/p>\t\t\t\t\t\t<\/div>\n\t\t\t\t<\/div>\n\t\t\t\t\t<\/div>\n\t\t<\/div>\n\t\t\t\t<div class=\"elementor-column elementor-col-25 elementor-top-column elementor-element elementor-element-81e4d77\" data-id=\"81e4d77\" data-element_type=\"column\" data-settings=\"{&quot;background_background&quot;:&quot;classic&quot;}\">\n\t\t\t<div class=\"elementor-widget-wrap elementor-element-populated\">\n\t\t\t\t\t\t\t\t<div class=\"elementor-element elementor-element-b4e06e4 I4A-txt-link elementor-hidden-desktop elementor-widget elementor-widget-heading\" data-id=\"b4e06e4\" data-element_type=\"widget\" data-widget_type=\"heading.default\">\n\t\t\t\t<div class=\"elementor-widget-container\">\n\t\t\t<h3 class=\"elementor-heading-title elementor-size-default\"><a href=\"https:\/\/inclusion4all.eu\/it\/partners\/\">Partners<\/a><\/h3>\t\t<\/div>\n\t\t\t\t<\/div>\n\t\t\t\t<div class=\"elementor-element elementor-element-5515b66 elementor-widget elementor-widget-text-editor\" data-id=\"5515b66\" data-element_type=\"widget\" data-widget_type=\"text-editor.default\">\n\t\t\t\t<div class=\"elementor-widget-container\">\n\t\t\t\t\t\t\t<p>I partner del progetto sono: H\u00e1tt\u00e9r T\u00e1rsas\u00e1g (Ungheria) come coordinatore, Universit\u00e0 degli Studi di Brescia (Italia), SURT (Spagna), Transgender Netwerk Nederland (Paesi Bassi) e Zagreb Pride (Croazia).<\/p>\t\t\t\t\t\t<\/div>\n\t\t\t\t<\/div>\n\t\t\t\t\t<\/div>\n\t\t<\/div>\n\t\t\t\t<div class=\"elementor-column elementor-col-25 elementor-top-column elementor-element elementor-element-1ea15e3\" data-id=\"1ea15e3\" data-element_type=\"column\" data-settings=\"{&quot;background_background&quot;:&quot;classic&quot;}\">\n\t\t\t<div class=\"elementor-widget-wrap elementor-element-populated\">\n\t\t\t\t\t\t\t\t<div class=\"elementor-element elementor-element-da95e16 I4A-txt-link elementor-hidden-desktop elementor-widget elementor-widget-heading\" data-id=\"da95e16\" data-element_type=\"widget\" data-widget_type=\"heading.default\">\n\t\t\t\t<div class=\"elementor-widget-container\">\n\t\t\t<h3 class=\"elementor-heading-title elementor-size-default\"><a href=\"https:\/\/inclusion4all.eu\/it\/attivita-del-progetto\/\">Attivit\u00e0 del Progetto<\/a><\/h3>\t\t<\/div>\n\t\t\t\t<\/div>\n\t\t\t\t<div class=\"elementor-element elementor-element-f1b7b27 elementor-widget elementor-widget-text-editor\" data-id=\"f1b7b27\" data-element_type=\"widget\" data-widget_type=\"text-editor.default\">\n\t\t\t\t<div class=\"elementor-widget-container\">\n\t\t\t\t\t\t\t<p>Le nostre attivit\u00e0 includono la formazione e il rafforzamento delle capacit\u00e0 per le persone trans, intersex e non binarie e per i professionisti delle risorse umane, nonch\u00e9 la sensibilizzazione sull&#8217;uguaglianza sul posto di lavoro per le persone trans, intersex e non binarie attraverso attivit\u00e0 di formazione e informazione.<\/p>\t\t\t\t\t\t<\/div>\n\t\t\t\t<\/div>\n\t\t\t\t\t<\/div>\n\t\t<\/div>\n\t\t\t\t<div class=\"elementor-column elementor-col-25 elementor-top-column elementor-element elementor-element-e42f01d\" data-id=\"e42f01d\" data-element_type=\"column\" data-settings=\"{&quot;background_background&quot;:&quot;classic&quot;}\">\n\t\t\t<div class=\"elementor-widget-wrap elementor-element-populated\">\n\t\t\t\t\t\t\t\t<div class=\"elementor-element elementor-element-bfaf083 I4A-txt-link elementor-hidden-desktop elementor-widget elementor-widget-heading\" data-id=\"bfaf083\" data-element_type=\"widget\" data-widget_type=\"heading.default\">\n\t\t\t\t<div class=\"elementor-widget-container\">\n\t\t\t<h3 class=\"elementor-heading-title elementor-size-default\"><a href=\"https:\/\/inclusion4all.eu\/it\/pubblicazioni\/\">Publications<\/a><\/h3>\t\t<\/div>\n\t\t\t\t<\/div>\n\t\t\t\t<div class=\"elementor-element elementor-element-8f5b64c elementor-widget elementor-widget-text-editor\" data-id=\"8f5b64c\" data-element_type=\"widget\" data-widget_type=\"text-editor.default\">\n\t\t\t\t<div class=\"elementor-widget-container\">\n\t\t\t\t\t\t\t<p>Le pubblicazioni Inclusion4All comprendono i report nazionali sull&#8217;inclusione dei lavoratori trans, intersex e non binari in Ungheria, Italia, Spagna, Paesi Bassi e Croazia, nonch\u00e9 un report comparativo.<\/p>\t\t\t\t\t\t<\/div>\n\t\t\t\t<\/div>\n\t\t\t\t\t<\/div>\n\t\t<\/div>\n\t\t\t\t\t\t\t<\/div>\n\t\t<\/section>\n\t\t\t\t<section class=\"elementor-section elementor-top-section elementor-element elementor-element-ebe472d I4A-gradient-bg elementor-section-full_width elementor-section-height-default elementor-section-height-default\" data-id=\"ebe472d\" data-element_type=\"section\">\n\t\t\t\t\t\t<div class=\"elementor-container elementor-column-gap-no\">\n\t\t\t\t\t<div class=\"elementor-column elementor-col-100 elementor-top-column elementor-element elementor-element-e5deefe\" data-id=\"e5deefe\" data-element_type=\"column\">\n\t\t\t<div class=\"elementor-widget-wrap elementor-element-populated\">\n\t\t\t\t\t\t\t\t<div class=\"elementor-element elementor-element-dc98557 elementor-widget elementor-widget-heading\" data-id=\"dc98557\" data-element_type=\"widget\" data-widget_type=\"heading.default\">\n\t\t\t\t<div class=\"elementor-widget-container\">\n\t\t\t<h2 class=\"elementor-heading-title elementor-size-default\">NON-<br>DISCRIMINATION<br>EQUALITY<br>AWARENESS<\/h2>\t\t<\/div>\n\t\t\t\t<\/div>\n\t\t\t\t\t<\/div>\n\t\t<\/div>\n\t\t\t\t\t\t\t<\/div>\n\t\t<\/section>\n\t\t\t\t<section class=\"elementor-section elementor-top-section elementor-element elementor-element-3969263 elementor-section-full_width elementor-section-height-default elementor-section-height-default\" data-id=\"3969263\" data-element_type=\"section\">\n\t\t\t\t\t\t<div class=\"elementor-container elementor-column-gap-no\">\n\t\t\t\t\t<div class=\"elementor-column elementor-col-100 elementor-top-column elementor-element elementor-element-3b3f9a8\" data-id=\"3b3f9a8\" data-element_type=\"column\">\n\t\t\t<div class=\"elementor-widget-wrap elementor-element-populated\">\n\t\t\t\t\t\t\t\t<div class=\"elementor-element elementor-element-5ee3869 I4A-txt-link elementor-widget elementor-widget-button\" data-id=\"5ee3869\" data-element_type=\"widget\" data-widget_type=\"button.default\">\n\t\t\t\t<div class=\"elementor-widget-container\">\n\t\t\t\t\t<div class=\"elementor-button-wrapper\">\n\t\t\t<a href=\"https:\/\/inclusion4all.eu\/it\/news\/\" class=\"elementor-button-link elementor-button elementor-size-sm\" role=\"button\">\n\t\t\t\t\t\t<span class=\"elementor-button-content-wrapper\">\n\t\t\t\t\t\t<span class=\"elementor-button-text\">Vedi tutte le news<\/span>\n\t\t<\/span>\n\t\t\t\t\t<\/a>\n\t\t<\/div>\n\t\t\t\t<\/div>\n\t\t\t\t<\/div>\n\t\t\t\t\t<\/div>\n\t\t<\/div>\n\t\t\t\t\t\t\t<\/div>\n\t\t<\/section>\n\t\t\t\t<section class=\"elementor-section elementor-top-section elementor-element elementor-element-5c149a5 I4A-gradient-bg elementor-section-full_width elementor-section-height-default elementor-section-height-default\" data-id=\"5c149a5\" data-element_type=\"section\">\n\t\t\t\t\t\t<div class=\"elementor-container elementor-column-gap-no\">\n\t\t\t\t\t<div class=\"elementor-column elementor-col-100 elementor-top-column elementor-element elementor-element-da2a61e\" data-id=\"da2a61e\" data-element_type=\"column\">\n\t\t\t<div class=\"elementor-widget-wrap elementor-element-populated\">\n\t\t\t\t\t\t\t\t<div class=\"elementor-element elementor-element-2d1f387 I4A-txt-link elementor-widget elementor-widget-heading\" data-id=\"2d1f387\" data-element_type=\"widget\" data-widget_type=\"heading.default\">\n\t\t\t\t<div class=\"elementor-widget-container\">\n\t\t\t<h3 class=\"elementor-heading-title elementor-size-default\"><a href=\"https:\/\/inclusion4all.eu\/it\/contatti\/\">Contattaci<\/a><\/h3>\t\t<\/div>\n\t\t\t\t<\/div>\n\t\t\t\t<section class=\"elementor-section elementor-inner-section elementor-element elementor-element-3d6f031 elementor-section-content-middle elementor-section-full_width elementor-section-height-default elementor-section-height-default\" data-id=\"3d6f031\" data-element_type=\"section\">\n\t\t\t\t\t\t<div class=\"elementor-container elementor-column-gap-no\">\n\t\t\t\t\t<div class=\"elementor-column elementor-col-33 elementor-inner-column elementor-element elementor-element-5c9085d\" data-id=\"5c9085d\" data-element_type=\"column\">\n\t\t\t<div class=\"elementor-widget-wrap elementor-element-populated\">\n\t\t\t\t\t\t\t\t<div class=\"elementor-element elementor-element-2a28cf3 elementor-widget elementor-widget-image\" data-id=\"2a28cf3\" data-element_type=\"widget\" data-widget_type=\"image.default\">\n\t\t\t\t<div class=\"elementor-widget-container\">\n\t\t\t\t\t\t\t\t\t\t\t\t\t\t\t<img width=\"800\" height=\"533\" src=\"https:\/\/inclusion4all.eu\/wp-content\/uploads\/2022\/01\/EU-flag.svg\" class=\"attachment-large size-large\" alt=\"\" loading=\"lazy\" \/>\t\t\t\t\t\t\t\t\t\t\t\t\t\t\t<\/div>\n\t\t\t\t<\/div>\n\t\t\t\t\t<\/div>\n\t\t<\/div>\n\t\t\t\t<div class=\"elementor-column elementor-col-33 elementor-inner-column elementor-element elementor-element-a4c2a6c\" data-id=\"a4c2a6c\" data-element_type=\"column\">\n\t\t\t<div class=\"elementor-widget-wrap elementor-element-populated\">\n\t\t\t\t\t\t\t\t<div class=\"elementor-element elementor-element-d4c1bab elementor-widget elementor-widget-text-editor\" data-id=\"d4c1bab\" data-element_type=\"widget\" data-widget_type=\"text-editor.default\">\n\t\t\t\t<div class=\"elementor-widget-container\">\n\t\t\t\t\t\t\t<p>Questo progetto \u00e8 stato finanziato dal programma Diritti, Uguaglianza e Cittadinanza dell&#8217;Unione Europea (2014-2020). Il contenuto di questo sito web rappresenta solo il punto di vista dell&#8217;autore ed \u00e8 di sua esclusiva responsabilit\u00e0. La Commissione Europea non si assume alcuna responsabilit\u00e0 per l&#8217;uso che potrebbe essere fatto delle informazioni in esso contenute.<\/p>\t\t\t\t\t\t<\/div>\n\t\t\t\t<\/div>\n\t\t\t\t\t<\/div>\n\t\t<\/div>\n\t\t\t\t<div class=\"elementor-column elementor-col-33 elementor-inner-column elementor-element elementor-element-7c21554\" data-id=\"7c21554\" data-element_type=\"column\">\n\t\t\t<div class=\"elementor-widget-wrap\">\n\t\t\t\t\t\t\t\t\t<\/div>\n\t\t<\/div>\n\t\t\t\t\t\t\t<\/div>\n\t\t<\/section>\n\t\t\t\t\t<\/div>\n\t\t<\/div>\n\t\t\t\t\t\t\t<\/div>\n\t\t<\/section>\n\t\t\t\t\t\t\t<\/div>\n\t\t","protected":false},"excerpt":{"rendered":"<p>EN HR IT HU NL ES CA Trans, intersex and non-binary people at work Il Progetto Partners Attivit\u00e0 del Progetto Pubblicazioni Il Progetto INCLUSIONE PER TUTTI &#8211; le persone Trans, Intersex e Non Binarie sul posto di lavoro \u00e8 un progetto della durata di due anni, iniziato nel Novembre 2000 e realizzato in cinque paesi [&hellip;]<\/p>\n","protected":false},"author":2,"featured_media":0,"parent":0,"menu_order":1,"comment_status":"closed","ping_status":"closed","template":"elementor_canvas","meta":[],"_links":{"self":[{"href":"https:\/\/inclusion4all.eu\/it\/wp-json\/wp\/v2\/pages\/1134"}],"collection":[{"href":"https:\/\/inclusion4all.eu\/it\/wp-json\/wp\/v2\/pages"}],"about":[{"href":"https:\/\/inclusion4all.eu\/it\/wp-json\/wp\/v2\/types\/page"}],"author":[{"embeddable":true,"href":"https:\/\/inclusion4all.eu\/it\/wp-json\/wp\/v2\/users\/2"}],"replies":[{"embeddable":true,"href":"https:\/\/inclusion4all.eu\/it\/wp-json\/wp\/v2\/comments?post=1134"}],"version-history":[{"count":10,"href":"https:\/\/inclusion4all.eu\/it\/wp-json\/wp\/v2\/pages\/1134\/revisions"}],"predecessor-version":[{"id":1966,"href":"https:\/\/inclusion4all.eu\/it\/wp-json\/wp\/v2\/pages\/1134\/revisions\/1966"}],"wp:attachment":[{"href":"https:\/\/inclusion4all.eu\/it\/wp-json\/wp\/v2\/media?parent=1134"}],"curies":[{"name":"wp","href":"https:\/\/api.w.org\/{rel}","templated":true}]}}