{"id":1123,"date":"2022-01-12T16:49:17","date_gmt":"2022-01-12T15:49:17","guid":{"rendered":"https:\/\/inclusion4all.eu\/about\/"},"modified":"2022-01-22T12:00:30","modified_gmt":"2022-01-22T11:00:30","slug":"il-progetto","status":"publish","type":"page","link":"https:\/\/inclusion4all.eu\/it\/il-progetto\/","title":{"rendered":"Il Progetto"},"content":{"rendered":"\t\t<div data-elementor-type=\"wp-page\" data-elementor-id=\"1123\" class=\"elementor elementor-1123 elementor-303\">\n\t\t\t\t\t\t\t\t\t<section class=\"elementor-section elementor-top-section elementor-element elementor-element-c885eca elementor-section-full_width elementor-section-height-default elementor-section-height-default\" data-id=\"c885eca\" data-element_type=\"section\" data-settings=\"{&quot;background_background&quot;:&quot;classic&quot;}\">\n\t\t\t\t\t\t<div class=\"elementor-container elementor-column-gap-no\">\n\t\t\t\t\t<div class=\"elementor-column elementor-col-100 elementor-top-column elementor-element elementor-element-65196fe\" data-id=\"65196fe\" data-element_type=\"column\">\n\t\t\t<div class=\"elementor-widget-wrap elementor-element-populated\">\n\t\t\t\t\t\t\t\t<div class=\"elementor-element elementor-element-ce66e91 elementor-widget elementor-widget-heading\" data-id=\"ce66e91\" data-element_type=\"widget\" data-widget_type=\"heading.default\">\n\t\t\t\t<div class=\"elementor-widget-container\">\n\t\t\t<h1 class=\"elementor-heading-title elementor-size-default\">Il Progetto<\/h1>\t\t<\/div>\n\t\t\t\t<\/div>\n\t\t\t\t\t<\/div>\n\t\t<\/div>\n\t\t\t\t\t\t\t<\/div>\n\t\t<\/section>\n\t\t\t\t<section class=\"elementor-section elementor-top-section elementor-element elementor-element-5bd62f8 elementor-section-full_width elementor-section-height-default elementor-section-height-default\" data-id=\"5bd62f8\" data-element_type=\"section\" data-settings=\"{&quot;background_background&quot;:&quot;classic&quot;}\">\n\t\t\t\t\t\t<div class=\"elementor-container elementor-column-gap-no\">\n\t\t\t\t\t<div class=\"elementor-column elementor-col-100 elementor-top-column elementor-element elementor-element-ca83ff8\" data-id=\"ca83ff8\" data-element_type=\"column\">\n\t\t\t<div class=\"elementor-widget-wrap elementor-element-populated\">\n\t\t\t\t\t\t\t\t<div class=\"elementor-element elementor-element-d7a83dc elementor-widget elementor-widget-text-editor\" data-id=\"d7a83dc\" data-element_type=\"widget\" data-widget_type=\"text-editor.default\">\n\t\t\t\t<div class=\"elementor-widget-container\">\n\t\t\t\t\t\t\t<p>INCLUSIONE PER TUTTI &#8211; le persone Trans, Intersex e Non Binarie sul posto di lavoro \u00e8 un progetto della durata di due anni, iniziato nel Novembre 2000 e realizzato in cinque paesi partner all\u2019interno del Programma Diritti, Uguaglianza e Cittadinanza dell&#8217;Unione Europea. L\u2019obiettivo principale del progetto \u00e8 quello di promuovere l\u2019effettiva attuazione del principio di non discriminazione nei confronti delle persone trans, intersex e non binarie in ambito lavorativo.<\/p>\t\t\t\t\t\t<\/div>\n\t\t\t\t<\/div>\n\t\t\t\t<div class=\"elementor-element elementor-element-323ef7b elementor-widget elementor-widget-heading\" data-id=\"323ef7b\" data-element_type=\"widget\" data-widget_type=\"heading.default\">\n\t\t\t\t<div class=\"elementor-widget-container\">\n\t\t\t<h2 class=\"elementor-heading-title elementor-size-default\">Le attivit\u00e0 del progetto prevedono:<\/h2>\t\t<\/div>\n\t\t\t\t<\/div>\n\t\t\t\t<div class=\"elementor-element elementor-element-a6e7b1d elementor-widget elementor-widget-text-editor\" data-id=\"a6e7b1d\" data-element_type=\"widget\" data-widget_type=\"text-editor.default\">\n\t\t\t\t<div class=\"elementor-widget-container\">\n\t\t\t\t\t\t\t<ul><li aria-level=\"1\">Una ricerca approfondita (con elementi quantitativi e qualitativi) sulle esperienze delle persone trans, intersex e non binarie sul posto di lavoro<\/li><li aria-level=\"1\">Una ricerca approfondita (con elementi quantitativi e qualitativi) sulle esperienze e le conoscenze dei professionisti delle risorse umane riguardo alle persone trans, intersex e non binarie sul posto di lavoro<\/li><li aria-level=\"1\">La formazione e\u00a0 sviluppo di capacit\u00e0 per persone trans, intersex e non binarie<\/li><li aria-level=\"1\">La formazione e sviluppo di capacit\u00e0 per i professionisti delle risorse umane<\/li><li aria-level=\"1\">La sensibilizzazione all\u2019uguaglianza sul posto di lavoro per le persone trans, intersex e non binarie attraverso apposite attivit\u00e0 di campagna<\/li><\/ul>\t\t\t\t\t\t<\/div>\n\t\t\t\t<\/div>\n\t\t\t\t<div class=\"elementor-element elementor-element-c3fdfce elementor-widget elementor-widget-heading\" data-id=\"c3fdfce\" data-element_type=\"widget\" data-widget_type=\"heading.default\">\n\t\t\t\t<div class=\"elementor-widget-container\">\n\t\t\t<h3 class=\"elementor-heading-title elementor-size-default\">I partner del progetto sono:<\/h3>\t\t<\/div>\n\t\t\t\t<\/div>\n\t\t\t\t<div class=\"elementor-element elementor-element-92b1c17 elementor-widget elementor-widget-text-editor\" data-id=\"92b1c17\" data-element_type=\"widget\" data-widget_type=\"text-editor.default\">\n\t\t\t\t<div class=\"elementor-widget-container\">\n\t\t\t\t\t\t\t<p>H\u00e1tt\u00e9r T\u00e1rsas\u00e1g (Ungheria) come coordinatore, Universit\u00e0 degli Studi di Brescia (Italia), SURT (Spagna), Transgender Netwerk Nederland (Paesi Bassi) e Zagreb Pride (Croazia).<\/p>\t\t\t\t\t\t<\/div>\n\t\t\t\t<\/div>\n\t\t\t\t\t<\/div>\n\t\t<\/div>\n\t\t\t\t\t\t\t<\/div>\n\t\t<\/section>\n\t\t\t\t\t\t\t<\/div>\n\t\t","protected":false},"excerpt":{"rendered":"<p>Il Progetto INCLUSIONE PER TUTTI &#8211; le persone Trans, Intersex e Non Binarie sul posto di lavoro \u00e8 un progetto della durata di due anni, iniziato nel Novembre 2000 e realizzato in cinque paesi partner all\u2019interno del Programma Diritti, Uguaglianza e Cittadinanza dell&#8217;Unione Europea. L\u2019obiettivo principale del progetto \u00e8 quello di promuovere l\u2019effettiva attuazione del [&hellip;]<\/p>\n","protected":false},"author":2,"featured_media":0,"parent":0,"menu_order":2,"comment_status":"closed","ping_status":"closed","template":"","meta":[],"_links":{"self":[{"href":"https:\/\/inclusion4all.eu\/it\/wp-json\/wp\/v2\/pages\/1123"}],"collection":[{"href":"https:\/\/inclusion4all.eu\/it\/wp-json\/wp\/v2\/pages"}],"about":[{"href":"https:\/\/inclusion4all.eu\/it\/wp-json\/wp\/v2\/types\/page"}],"author":[{"embeddable":true,"href":"https:\/\/inclusion4all.eu\/it\/wp-json\/wp\/v2\/users\/2"}],"replies":[{"embeddable":true,"href":"https:\/\/inclusion4all.eu\/it\/wp-json\/wp\/v2\/comments?post=1123"}],"version-history":[{"count":5,"href":"https:\/\/inclusion4all.eu\/it\/wp-json\/wp\/v2\/pages\/1123\/revisions"}],"predecessor-version":[{"id":1645,"href":"https:\/\/inclusion4all.eu\/it\/wp-json\/wp\/v2\/pages\/1123\/revisions\/1645"}],"wp:attachment":[{"href":"https:\/\/inclusion4all.eu\/it\/wp-json\/wp\/v2\/media?parent=1123"}],"curies":[{"name":"wp","href":"https:\/\/api.w.org\/{rel}","templated":true}]}}