{"id":1100,"date":"2022-01-12T20:52:11","date_gmt":"2022-01-12T19:52:11","guid":{"rendered":"https:\/\/inclusion4all.eu\/partners\/"},"modified":"2022-01-22T12:04:07","modified_gmt":"2022-01-22T11:04:07","slug":"partners","status":"publish","type":"page","link":"https:\/\/inclusion4all.eu\/it\/partners\/","title":{"rendered":"Partners"},"content":{"rendered":"\t\t<div data-elementor-type=\"wp-page\" data-elementor-id=\"1100\" class=\"elementor elementor-1100 elementor-404\">\n\t\t\t\t\t\t\t\t\t<section class=\"elementor-section elementor-top-section elementor-element elementor-element-e82c012 elementor-section-full_width elementor-section-height-default elementor-section-height-default\" data-id=\"e82c012\" data-element_type=\"section\" data-settings=\"{&quot;background_background&quot;:&quot;classic&quot;}\">\n\t\t\t\t\t\t<div class=\"elementor-container elementor-column-gap-no\">\n\t\t\t\t\t<div class=\"elementor-column elementor-col-100 elementor-top-column elementor-element elementor-element-4cd29b5\" data-id=\"4cd29b5\" data-element_type=\"column\">\n\t\t\t<div class=\"elementor-widget-wrap elementor-element-populated\">\n\t\t\t\t\t\t\t\t<div class=\"elementor-element elementor-element-ed17410 elementor-widget elementor-widget-heading\" data-id=\"ed17410\" data-element_type=\"widget\" data-widget_type=\"heading.default\">\n\t\t\t\t<div class=\"elementor-widget-container\">\n\t\t\t<h1 class=\"elementor-heading-title elementor-size-default\">Partners<\/h1>\t\t<\/div>\n\t\t\t\t<\/div>\n\t\t\t\t\t<\/div>\n\t\t<\/div>\n\t\t\t\t\t\t\t<\/div>\n\t\t<\/section>\n\t\t\t\t<section class=\"elementor-section elementor-top-section elementor-element elementor-element-775afd7 elementor-section-full_width elementor-section-height-default elementor-section-height-default\" data-id=\"775afd7\" data-element_type=\"section\" data-settings=\"{&quot;background_background&quot;:&quot;classic&quot;}\">\n\t\t\t\t\t\t<div class=\"elementor-container elementor-column-gap-no\">\n\t\t\t\t\t<div class=\"elementor-column elementor-col-100 elementor-top-column elementor-element elementor-element-f068c70\" data-id=\"f068c70\" data-element_type=\"column\">\n\t\t\t<div class=\"elementor-widget-wrap elementor-element-populated\">\n\t\t\t\t\t\t\t\t<div class=\"elementor-element elementor-element-cd4b551 elementor-widget elementor-widget-heading\" data-id=\"cd4b551\" data-element_type=\"widget\" data-widget_type=\"heading.default\">\n\t\t\t\t<div class=\"elementor-widget-container\">\n\t\t\t<h2 class=\"elementor-heading-title elementor-size-default\">H\u00e1tt\u00e9r<\/h2>\t\t<\/div>\n\t\t\t\t<\/div>\n\t\t\t\t<section class=\"elementor-section elementor-inner-section elementor-element elementor-element-3ee42ba elementor-section-full_width elementor-section-height-default elementor-section-height-default\" data-id=\"3ee42ba\" data-element_type=\"section\">\n\t\t\t\t\t\t<div class=\"elementor-container elementor-column-gap-no\">\n\t\t\t\t\t<div class=\"elementor-column elementor-col-50 elementor-inner-column elementor-element elementor-element-8beca15\" data-id=\"8beca15\" data-element_type=\"column\">\n\t\t\t<div class=\"elementor-widget-wrap elementor-element-populated\">\n\t\t\t\t\t\t\t\t<div class=\"elementor-element elementor-element-3bafbee elementor-widget elementor-widget-text-editor\" data-id=\"3bafbee\" data-element_type=\"widget\" data-widget_type=\"text-editor.default\">\n\t\t\t\t<div class=\"elementor-widget-container\">\n\t\t\t\t\t\t\t<p>H\u00e1tt\u00e9r Society, fondata nel 1995, \u00e8 la pi\u00f9 grande e antica organizzazione lesbica, gay, bisessuale, trans, queer e intersex (LGBTQI) attualmente operante in Ungheria. L&#8217; obiettivo di H\u00e1tt\u00e9r Society \u00e8 di richiamare l&#8217;attenzione dell&#8217;opinione pubblica e professionale, nonch\u00e8 della societ\u00e0 intera, sui problemi delle persone LGBTQI; porre in essere dei servizi per fornire loro assistenza; far conoscere la situazione sociale e i bisogni delle persone LGBTQI integrando queste preoccupazioni nel servizi pubblici; proteggere i diritti e combattere le discriminazioni nei confronti delle persone LGBTQI; aumentare il benessere e la consapevolezza della loro salute; supportare le comunit\u00e0 LGBTQI ad organizzarsi e a preservare e promuovere la loro cultura.<\/p>\t\t\t\t\t\t<\/div>\n\t\t\t\t<\/div>\n\t\t\t\t<div class=\"elementor-element elementor-element-d4808a9 I4A-txt-link elementor-widget elementor-widget-heading\" data-id=\"d4808a9\" data-element_type=\"widget\" data-widget_type=\"heading.default\">\n\t\t\t\t<div class=\"elementor-widget-container\">\n\t\t\t<p class=\"elementor-heading-title elementor-size-default\"><a href=\"https:\/\/en.hatter.hu\/\" target=\"_blank\">en.hatter.hu<\/a><\/p>\t\t<\/div>\n\t\t\t\t<\/div>\n\t\t\t\t\t<\/div>\n\t\t<\/div>\n\t\t\t\t<div class=\"elementor-column elementor-col-50 elementor-inner-column elementor-element elementor-element-5f0a8e6\" data-id=\"5f0a8e6\" data-element_type=\"column\">\n\t\t\t<div class=\"elementor-widget-wrap elementor-element-populated\">\n\t\t\t\t\t\t\t\t<div class=\"elementor-element elementor-element-b22d9a8 elementor-widget elementor-widget-image\" data-id=\"b22d9a8\" data-element_type=\"widget\" data-widget_type=\"image.default\">\n\t\t\t\t<div class=\"elementor-widget-container\">\n\t\t\t\t\t\t\t\t\t\t\t\t\t\t\t\t<a href=\"https:\/\/en.hatter.hu\/\" target=\"_blank\">\n\t\t\t\t\t\t\t<img width=\"252\" height=\"326\" src=\"https:\/\/inclusion4all.eu\/wp-content\/uploads\/2022\/01\/hatter.png\" class=\"attachment-large size-large\" alt=\"\" loading=\"lazy\" srcset=\"https:\/\/inclusion4all.eu\/wp-content\/uploads\/2022\/01\/hatter.png 252w, https:\/\/inclusion4all.eu\/wp-content\/uploads\/2022\/01\/hatter-232x300.png 232w\" sizes=\"(max-width: 252px) 100vw, 252px\" \/>\t\t\t\t\t\t\t\t<\/a>\n\t\t\t\t\t\t\t\t\t\t\t\t\t\t\t<\/div>\n\t\t\t\t<\/div>\n\t\t\t\t\t<\/div>\n\t\t<\/div>\n\t\t\t\t\t\t\t<\/div>\n\t\t<\/section>\n\t\t\t\t<div class=\"elementor-element elementor-element-3902e31 elementor-widget elementor-widget-heading\" data-id=\"3902e31\" data-element_type=\"widget\" data-widget_type=\"heading.default\">\n\t\t\t\t<div class=\"elementor-widget-container\">\n\t\t\t<h2 class=\"elementor-heading-title elementor-size-default\">Universit\u00e0 degli Studi di Brescia<\/h2>\t\t<\/div>\n\t\t\t\t<\/div>\n\t\t\t\t<section class=\"elementor-section elementor-inner-section elementor-element elementor-element-8520951 elementor-section-full_width elementor-section-height-default elementor-section-height-default\" data-id=\"8520951\" data-element_type=\"section\">\n\t\t\t\t\t\t<div class=\"elementor-container elementor-column-gap-no\">\n\t\t\t\t\t<div class=\"elementor-column elementor-col-50 elementor-inner-column elementor-element elementor-element-b582992\" data-id=\"b582992\" data-element_type=\"column\">\n\t\t\t<div class=\"elementor-widget-wrap elementor-element-populated\">\n\t\t\t\t\t\t\t\t<div class=\"elementor-element elementor-element-b52e53c elementor-widget elementor-widget-text-editor\" data-id=\"b52e53c\" data-element_type=\"widget\" data-widget_type=\"text-editor.default\">\n\t\t\t\t<div class=\"elementor-widget-container\">\n\t\t\t\t\t\t\t<p>Universit\u00e0 degli Studi di Brescia \u00e8 un\u2019universit\u00e0 pubblica fondata nel 1982. Oggi\u00a0 offre un&#8217;ampia gamma di programmi educativi con lauree triennali e magistrali, corsi tecnici post-laurea, scuole di specializzazione e programmi di dottorato in molte aree: economia, ingegneria e tecnologia, giurisprudenza, medicina e chirurgia. L&#8217;obiettivo dell&#8217;Universit\u00e0 \u00e8 quello di migliorare continuamente la qualit\u00e0 della vita delle persone e dell&#8217;ambiente di Brescia, dell&#8217;Italia e del mondo intero, generando conoscenze culturali e tecniche integrate e fornendo formazione e strumenti per affrontare le sfide del nostro tempo.<\/p>\t\t\t\t\t\t<\/div>\n\t\t\t\t<\/div>\n\t\t\t\t<div class=\"elementor-element elementor-element-9870075 I4A-txt-link elementor-widget elementor-widget-heading\" data-id=\"9870075\" data-element_type=\"widget\" data-widget_type=\"heading.default\">\n\t\t\t\t<div class=\"elementor-widget-container\">\n\t\t\t<p class=\"elementor-heading-title elementor-size-default\"><a href=\"https:\/\/www.unibs.it\/\" target=\"_blank\">www.unibs.it<\/a><\/p>\t\t<\/div>\n\t\t\t\t<\/div>\n\t\t\t\t\t<\/div>\n\t\t<\/div>\n\t\t\t\t<div class=\"elementor-column elementor-col-50 elementor-inner-column elementor-element elementor-element-7183055\" data-id=\"7183055\" data-element_type=\"column\">\n\t\t\t<div class=\"elementor-widget-wrap elementor-element-populated\">\n\t\t\t\t\t\t\t\t<div class=\"elementor-element elementor-element-eb4fae3 elementor-widget elementor-widget-image\" data-id=\"eb4fae3\" data-element_type=\"widget\" data-widget_type=\"image.default\">\n\t\t\t\t<div class=\"elementor-widget-container\">\n\t\t\t\t\t\t\t\t\t\t\t\t\t\t\t\t<a href=\"https:\/\/www.unibs.it\/\" target=\"_blank\">\n\t\t\t\t\t\t\t<img width=\"446\" height=\"185\" src=\"https:\/\/inclusion4all.eu\/wp-content\/uploads\/2022\/01\/Unibs.png\" class=\"attachment-large size-large\" alt=\"\" loading=\"lazy\" srcset=\"https:\/\/inclusion4all.eu\/wp-content\/uploads\/2022\/01\/Unibs.png 446w, https:\/\/inclusion4all.eu\/wp-content\/uploads\/2022\/01\/Unibs-300x124.png 300w\" sizes=\"(max-width: 446px) 100vw, 446px\" \/>\t\t\t\t\t\t\t\t<\/a>\n\t\t\t\t\t\t\t\t\t\t\t\t\t\t\t<\/div>\n\t\t\t\t<\/div>\n\t\t\t\t\t<\/div>\n\t\t<\/div>\n\t\t\t\t\t\t\t<\/div>\n\t\t<\/section>\n\t\t\t\t<div class=\"elementor-element elementor-element-3edbe1b elementor-widget elementor-widget-heading\" data-id=\"3edbe1b\" data-element_type=\"widget\" data-widget_type=\"heading.default\">\n\t\t\t\t<div class=\"elementor-widget-container\">\n\t\t\t<h2 class=\"elementor-heading-title elementor-size-default\">SURT<\/h2>\t\t<\/div>\n\t\t\t\t<\/div>\n\t\t\t\t<section class=\"elementor-section elementor-inner-section elementor-element elementor-element-777bfdf elementor-section-full_width elementor-section-height-default elementor-section-height-default\" data-id=\"777bfdf\" data-element_type=\"section\">\n\t\t\t\t\t\t<div class=\"elementor-container elementor-column-gap-no\">\n\t\t\t\t\t<div class=\"elementor-column elementor-col-50 elementor-inner-column elementor-element elementor-element-bb10149\" data-id=\"bb10149\" data-element_type=\"column\">\n\t\t\t<div class=\"elementor-widget-wrap elementor-element-populated\">\n\t\t\t\t\t\t\t\t<div class=\"elementor-element elementor-element-b892891 elementor-widget elementor-widget-text-editor\" data-id=\"b892891\" data-element_type=\"widget\" data-widget_type=\"text-editor.default\">\n\t\t\t\t<div class=\"elementor-widget-container\">\n\t\t\t\t\t\t\t<p>SURT \u00e8 un&#8217;organizzazione femminile con sede a Barcellona che opera\u00a0 dal 1993. Essa lavora per rendere effettivi i diritti economici, sociali e culturali delle donne e per eradicare tutte le forme di discriminazione fondate sul genere, al fine di realizzare una societ\u00e0 con effettiva parit\u00e0 di genere.<\/p>\t\t\t\t\t\t<\/div>\n\t\t\t\t<\/div>\n\t\t\t\t<div class=\"elementor-element elementor-element-313e6d0 I4A-txt-link elementor-widget elementor-widget-heading\" data-id=\"313e6d0\" data-element_type=\"widget\" data-widget_type=\"heading.default\">\n\t\t\t\t<div class=\"elementor-widget-container\">\n\t\t\t<p class=\"elementor-heading-title elementor-size-default\"><a href=\"https:\/\/www.surt.org\/\" target=\"_blank\">www.surt.org<\/a><\/p>\t\t<\/div>\n\t\t\t\t<\/div>\n\t\t\t\t\t<\/div>\n\t\t<\/div>\n\t\t\t\t<div class=\"elementor-column elementor-col-50 elementor-inner-column elementor-element elementor-element-eacc009\" data-id=\"eacc009\" data-element_type=\"column\">\n\t\t\t<div class=\"elementor-widget-wrap elementor-element-populated\">\n\t\t\t\t\t\t\t\t<div class=\"elementor-element elementor-element-9181a85 elementor-widget elementor-widget-image\" data-id=\"9181a85\" data-element_type=\"widget\" data-widget_type=\"image.default\">\n\t\t\t\t<div class=\"elementor-widget-container\">\n\t\t\t\t\t\t\t\t\t\t\t\t\t\t\t\t<a href=\"https:\/\/www.surt.org\/\" target=\"_blank\">\n\t\t\t\t\t\t\t<img width=\"326\" height=\"147\" src=\"https:\/\/inclusion4all.eu\/wp-content\/uploads\/2022\/01\/SURT.png\" class=\"attachment-large size-large\" alt=\"\" loading=\"lazy\" srcset=\"https:\/\/inclusion4all.eu\/wp-content\/uploads\/2022\/01\/SURT.png 326w, https:\/\/inclusion4all.eu\/wp-content\/uploads\/2022\/01\/SURT-300x135.png 300w\" sizes=\"(max-width: 326px) 100vw, 326px\" \/>\t\t\t\t\t\t\t\t<\/a>\n\t\t\t\t\t\t\t\t\t\t\t\t\t\t\t<\/div>\n\t\t\t\t<\/div>\n\t\t\t\t\t<\/div>\n\t\t<\/div>\n\t\t\t\t\t\t\t<\/div>\n\t\t<\/section>\n\t\t\t\t<div class=\"elementor-element elementor-element-0eb37fb elementor-widget elementor-widget-heading\" data-id=\"0eb37fb\" data-element_type=\"widget\" data-widget_type=\"heading.default\">\n\t\t\t\t<div class=\"elementor-widget-container\">\n\t\t\t<h2 class=\"elementor-heading-title elementor-size-default\">TNN<\/h2>\t\t<\/div>\n\t\t\t\t<\/div>\n\t\t\t\t<section class=\"elementor-section elementor-inner-section elementor-element elementor-element-2aad5b1 elementor-section-full_width elementor-section-height-default elementor-section-height-default\" data-id=\"2aad5b1\" data-element_type=\"section\">\n\t\t\t\t\t\t<div class=\"elementor-container elementor-column-gap-no\">\n\t\t\t\t\t<div class=\"elementor-column elementor-col-50 elementor-inner-column elementor-element elementor-element-ea31c22\" data-id=\"ea31c22\" data-element_type=\"column\">\n\t\t\t<div class=\"elementor-widget-wrap elementor-element-populated\">\n\t\t\t\t\t\t\t\t<div class=\"elementor-element elementor-element-2977bcf elementor-widget elementor-widget-text-editor\" data-id=\"2977bcf\" data-element_type=\"widget\" data-widget_type=\"text-editor.default\">\n\t\t\t\t<div class=\"elementor-widget-container\">\n\t\t\t\t\t\t\t<p>Transgender Netwerk Nederland \u00e8 un&#8217;organizzazione che svolge dal 2008 attivit\u00e0 di difesa per l&#8217;emancipazione delle persone transgender e non binarie nei Paesi Bassi. Come fondazione, TNN lavora su vasta scala per promuovere i diritti delle persone transgender e non-binarie, con l&#8217;obiettivo finale di realizzare una societ\u00e0 inclusiva e diversificata dal punto di vista del genere.<\/p>\t\t\t\t\t\t<\/div>\n\t\t\t\t<\/div>\n\t\t\t\t<div class=\"elementor-element elementor-element-a426305 I4A-txt-link elementor-widget elementor-widget-heading\" data-id=\"a426305\" data-element_type=\"widget\" data-widget_type=\"heading.default\">\n\t\t\t\t<div class=\"elementor-widget-container\">\n\t\t\t<p class=\"elementor-heading-title elementor-size-default\"><a href=\"https:\/\/www.transgendernetwerk.nl\/\" target=\"_blank\">www.transgendernetwerk.nl<\/a><\/p>\t\t<\/div>\n\t\t\t\t<\/div>\n\t\t\t\t\t<\/div>\n\t\t<\/div>\n\t\t\t\t<div class=\"elementor-column elementor-col-50 elementor-inner-column elementor-element elementor-element-f048e2d\" data-id=\"f048e2d\" data-element_type=\"column\">\n\t\t\t<div class=\"elementor-widget-wrap elementor-element-populated\">\n\t\t\t\t\t\t\t\t<div class=\"elementor-element elementor-element-60146c0 elementor-widget elementor-widget-image\" data-id=\"60146c0\" data-element_type=\"widget\" data-widget_type=\"image.default\">\n\t\t\t\t<div class=\"elementor-widget-container\">\n\t\t\t\t\t\t\t\t\t\t\t\t\t\t\t\t<a href=\"https:\/\/www.transgendernetwerk.nl\/\" target=\"_blank\">\n\t\t\t\t\t\t\t<img width=\"404\" height=\"210\" src=\"https:\/\/inclusion4all.eu\/wp-content\/uploads\/2022\/01\/TNN.png\" class=\"attachment-large size-large\" alt=\"\" loading=\"lazy\" srcset=\"https:\/\/inclusion4all.eu\/wp-content\/uploads\/2022\/01\/TNN.png 404w, https:\/\/inclusion4all.eu\/wp-content\/uploads\/2022\/01\/TNN-300x156.png 300w\" sizes=\"(max-width: 404px) 100vw, 404px\" \/>\t\t\t\t\t\t\t\t<\/a>\n\t\t\t\t\t\t\t\t\t\t\t\t\t\t\t<\/div>\n\t\t\t\t<\/div>\n\t\t\t\t\t<\/div>\n\t\t<\/div>\n\t\t\t\t\t\t\t<\/div>\n\t\t<\/section>\n\t\t\t\t<div class=\"elementor-element elementor-element-05f9659 elementor-widget elementor-widget-heading\" data-id=\"05f9659\" data-element_type=\"widget\" data-widget_type=\"heading.default\">\n\t\t\t\t<div class=\"elementor-widget-container\">\n\t\t\t<h2 class=\"elementor-heading-title elementor-size-default\">Zagreb Pride<\/h2>\t\t<\/div>\n\t\t\t\t<\/div>\n\t\t\t\t<section class=\"elementor-section elementor-inner-section elementor-element elementor-element-d8960a8 elementor-section-full_width elementor-section-height-default elementor-section-height-default\" data-id=\"d8960a8\" data-element_type=\"section\">\n\t\t\t\t\t\t<div class=\"elementor-container elementor-column-gap-no\">\n\t\t\t\t\t<div class=\"elementor-column elementor-col-50 elementor-inner-column elementor-element elementor-element-9ae76c3\" data-id=\"9ae76c3\" data-element_type=\"column\">\n\t\t\t<div class=\"elementor-widget-wrap elementor-element-populated\">\n\t\t\t\t\t\t\t\t<div class=\"elementor-element elementor-element-4c32492 elementor-widget elementor-widget-text-editor\" data-id=\"4c32492\" data-element_type=\"widget\" data-widget_type=\"text-editor.default\">\n\t\t\t\t<div class=\"elementor-widget-container\">\n\t\t\t\t\t\t\tZagreb Pride \u00e8 un&#8217;organizzazione queer femminista e antifascista impegnata nella realizzazione di una societ\u00e0 attiva nella solidariet\u00e0 e uguaglianza, libera da norme e categorie sessuali e di genere, cos\u00ec come da ogni altro tipo di oppressione.<br>\t\t\t\t\t\t<\/div>\n\t\t\t\t<\/div>\n\t\t\t\t<div class=\"elementor-element elementor-element-dbace54 I4A-txt-link elementor-widget elementor-widget-heading\" data-id=\"dbace54\" data-element_type=\"widget\" data-widget_type=\"heading.default\">\n\t\t\t\t<div class=\"elementor-widget-container\">\n\t\t\t<p class=\"elementor-heading-title elementor-size-default\"><a href=\"https:\/\/www.zagreb-pride.net\/\" target=\"_blank\">www.zagreb-pride.net<\/a><\/p>\t\t<\/div>\n\t\t\t\t<\/div>\n\t\t\t\t\t<\/div>\n\t\t<\/div>\n\t\t\t\t<div class=\"elementor-column elementor-col-50 elementor-inner-column elementor-element elementor-element-4019039\" data-id=\"4019039\" data-element_type=\"column\">\n\t\t\t<div class=\"elementor-widget-wrap elementor-element-populated\">\n\t\t\t\t\t\t\t\t<div class=\"elementor-element elementor-element-a76dcfe elementor-widget elementor-widget-image\" data-id=\"a76dcfe\" data-element_type=\"widget\" data-widget_type=\"image.default\">\n\t\t\t\t<div class=\"elementor-widget-container\">\n\t\t\t\t\t\t\t\t\t\t\t\t\t\t\t\t<a href=\"https:\/\/www.zagreb-pride.net\/\" target=\"_blank\">\n\t\t\t\t\t\t\t<img width=\"258\" height=\"257\" src=\"https:\/\/inclusion4all.eu\/wp-content\/uploads\/2022\/01\/Zagreb-Pride.png\" class=\"attachment-large size-large\" alt=\"\" loading=\"lazy\" srcset=\"https:\/\/inclusion4all.eu\/wp-content\/uploads\/2022\/01\/Zagreb-Pride.png 258w, https:\/\/inclusion4all.eu\/wp-content\/uploads\/2022\/01\/Zagreb-Pride-150x150.png 150w\" sizes=\"(max-width: 258px) 100vw, 258px\" \/>\t\t\t\t\t\t\t\t<\/a>\n\t\t\t\t\t\t\t\t\t\t\t\t\t\t\t<\/div>\n\t\t\t\t<\/div>\n\t\t\t\t\t<\/div>\n\t\t<\/div>\n\t\t\t\t\t\t\t<\/div>\n\t\t<\/section>\n\t\t\t\t\t<\/div>\n\t\t<\/div>\n\t\t\t\t\t\t\t<\/div>\n\t\t<\/section>\n\t\t\t\t\t\t\t<\/div>\n\t\t","protected":false},"excerpt":{"rendered":"<p>Partners H\u00e1tt\u00e9r H\u00e1tt\u00e9r Society, fondata nel 1995, \u00e8 la pi\u00f9 grande e antica organizzazione lesbica, gay, bisessuale, trans, queer e intersex (LGBTQI) attualmente operante in Ungheria. L&#8217; obiettivo di H\u00e1tt\u00e9r Society \u00e8 di richiamare l&#8217;attenzione dell&#8217;opinione pubblica e professionale, nonch\u00e8 della societ\u00e0 intera, sui problemi delle persone LGBTQI; porre in essere dei servizi per fornire [&hellip;]<\/p>\n","protected":false},"author":2,"featured_media":0,"parent":0,"menu_order":3,"comment_status":"closed","ping_status":"closed","template":"","meta":[],"_links":{"self":[{"href":"https:\/\/inclusion4all.eu\/it\/wp-json\/wp\/v2\/pages\/1100"}],"collection":[{"href":"https:\/\/inclusion4all.eu\/it\/wp-json\/wp\/v2\/pages"}],"about":[{"href":"https:\/\/inclusion4all.eu\/it\/wp-json\/wp\/v2\/types\/page"}],"author":[{"embeddable":true,"href":"https:\/\/inclusion4all.eu\/it\/wp-json\/wp\/v2\/users\/2"}],"replies":[{"embeddable":true,"href":"https:\/\/inclusion4all.eu\/it\/wp-json\/wp\/v2\/comments?post=1100"}],"version-history":[{"count":5,"href":"https:\/\/inclusion4all.eu\/it\/wp-json\/wp\/v2\/pages\/1100\/revisions"}],"predecessor-version":[{"id":1657,"href":"https:\/\/inclusion4all.eu\/it\/wp-json\/wp\/v2\/pages\/1100\/revisions\/1657"}],"wp:attachment":[{"href":"https:\/\/inclusion4all.eu\/it\/wp-json\/wp\/v2\/media?parent=1100"}],"curies":[{"name":"wp","href":"https:\/\/api.w.org\/{rel}","templated":true}]}}