{"id":1102,"date":"2022-01-12T20:52:11","date_gmt":"2022-01-12T19:52:11","guid":{"rendered":"https:\/\/inclusion4all.eu\/partners\/"},"modified":"2022-01-22T12:04:18","modified_gmt":"2022-01-22T11:04:18","slug":"organitzacions-socies","status":"publish","type":"page","link":"https:\/\/inclusion4all.eu\/ca\/organitzacions-socies\/","title":{"rendered":"Organitzacions s\u00f2cies"},"content":{"rendered":"\t\t<div data-elementor-type=\"wp-page\" data-elementor-id=\"1102\" class=\"elementor elementor-1102 elementor-404\">\n\t\t\t\t\t\t\t\t\t<section class=\"elementor-section elementor-top-section elementor-element elementor-element-e82c012 elementor-section-full_width elementor-section-height-default elementor-section-height-default\" data-id=\"e82c012\" data-element_type=\"section\" data-settings=\"{&quot;background_background&quot;:&quot;classic&quot;}\">\n\t\t\t\t\t\t<div class=\"elementor-container elementor-column-gap-no\">\n\t\t\t\t\t<div class=\"elementor-column elementor-col-100 elementor-top-column elementor-element elementor-element-4cd29b5\" data-id=\"4cd29b5\" data-element_type=\"column\">\n\t\t\t<div class=\"elementor-widget-wrap elementor-element-populated\">\n\t\t\t\t\t\t\t\t<div class=\"elementor-element elementor-element-ed17410 elementor-widget elementor-widget-heading\" data-id=\"ed17410\" data-element_type=\"widget\" data-widget_type=\"heading.default\">\n\t\t\t\t<div class=\"elementor-widget-container\">\n\t\t\t<h1 class=\"elementor-heading-title elementor-size-default\">Organitzacions s\u00f2cies<\/h1>\t\t<\/div>\n\t\t\t\t<\/div>\n\t\t\t\t\t<\/div>\n\t\t<\/div>\n\t\t\t\t\t\t\t<\/div>\n\t\t<\/section>\n\t\t\t\t<section class=\"elementor-section elementor-top-section elementor-element elementor-element-775afd7 elementor-section-full_width elementor-section-height-default elementor-section-height-default\" data-id=\"775afd7\" data-element_type=\"section\" data-settings=\"{&quot;background_background&quot;:&quot;classic&quot;}\">\n\t\t\t\t\t\t<div class=\"elementor-container elementor-column-gap-no\">\n\t\t\t\t\t<div class=\"elementor-column elementor-col-100 elementor-top-column elementor-element elementor-element-f068c70\" data-id=\"f068c70\" data-element_type=\"column\">\n\t\t\t<div class=\"elementor-widget-wrap elementor-element-populated\">\n\t\t\t\t\t\t\t\t<div class=\"elementor-element elementor-element-cd4b551 elementor-widget elementor-widget-heading\" data-id=\"cd4b551\" data-element_type=\"widget\" data-widget_type=\"heading.default\">\n\t\t\t\t<div class=\"elementor-widget-container\">\n\t\t\t<h2 class=\"elementor-heading-title elementor-size-default\">H\u00e1tt\u00e9r<\/h2>\t\t<\/div>\n\t\t\t\t<\/div>\n\t\t\t\t<section class=\"elementor-section elementor-inner-section elementor-element elementor-element-3ee42ba elementor-section-full_width elementor-section-height-default elementor-section-height-default\" data-id=\"3ee42ba\" data-element_type=\"section\">\n\t\t\t\t\t\t<div class=\"elementor-container elementor-column-gap-no\">\n\t\t\t\t\t<div class=\"elementor-column elementor-col-50 elementor-inner-column elementor-element elementor-element-8beca15\" data-id=\"8beca15\" data-element_type=\"column\">\n\t\t\t<div class=\"elementor-widget-wrap elementor-element-populated\">\n\t\t\t\t\t\t\t\t<div class=\"elementor-element elementor-element-3bafbee elementor-widget elementor-widget-text-editor\" data-id=\"3bafbee\" data-element_type=\"widget\" data-widget_type=\"text-editor.default\">\n\t\t\t\t<div class=\"elementor-widget-container\">\n\t\t\t\t\t\t\t<p>L\u2019organitzaci\u00f3 H\u00e1tt\u00e9r, fundada el 1995, \u00e9s l\u2019organitzaci\u00f3 activa de lesbianes, gais, bisexuals, transg\u00e8nere, queer i intersex (LGBTQI) m\u00e9s gran i antiga a Hongria. Els nostres objectius principals s\u00f3n visibilitzar els problemes que afronten les persones LGBTQI; oferir serveis d\u2019atenci\u00f3; con\u00e8ixer la situaci\u00f3 i les necessitats de les persones LGBTQI;\u00a0 integrar\u00a0 aquestes preocupacions a les lleis i als serveis p\u00fablics; protegir els drets humans i fer front a la discriminaci\u00f3 de les persones LGBTQI; promoure la salut i el benestar de les persones LGBTQI; fomentar l\u2019autoorganitzaci\u00f3 de les comunitats LGBTQI; i preservar i difondre el patrimoni i la cultura LGBTQI.<\/p>\t\t\t\t\t\t<\/div>\n\t\t\t\t<\/div>\n\t\t\t\t<div class=\"elementor-element elementor-element-d4808a9 I4A-txt-link elementor-widget elementor-widget-heading\" data-id=\"d4808a9\" data-element_type=\"widget\" data-widget_type=\"heading.default\">\n\t\t\t\t<div class=\"elementor-widget-container\">\n\t\t\t<p class=\"elementor-heading-title elementor-size-default\"><a href=\"https:\/\/en.hatter.hu\/\" target=\"_blank\">en.hatter.hu<\/a><\/p>\t\t<\/div>\n\t\t\t\t<\/div>\n\t\t\t\t\t<\/div>\n\t\t<\/div>\n\t\t\t\t<div class=\"elementor-column elementor-col-50 elementor-inner-column elementor-element elementor-element-5f0a8e6\" data-id=\"5f0a8e6\" data-element_type=\"column\">\n\t\t\t<div class=\"elementor-widget-wrap elementor-element-populated\">\n\t\t\t\t\t\t\t\t<div class=\"elementor-element elementor-element-b22d9a8 elementor-widget elementor-widget-image\" data-id=\"b22d9a8\" data-element_type=\"widget\" data-widget_type=\"image.default\">\n\t\t\t\t<div class=\"elementor-widget-container\">\n\t\t\t\t\t\t\t\t\t\t\t\t\t\t\t\t<a href=\"https:\/\/en.hatter.hu\/\" target=\"_blank\">\n\t\t\t\t\t\t\t<img width=\"252\" height=\"326\" src=\"https:\/\/inclusion4all.eu\/wp-content\/uploads\/2022\/01\/hatter.png\" class=\"attachment-large size-large\" alt=\"\" loading=\"lazy\" srcset=\"https:\/\/inclusion4all.eu\/wp-content\/uploads\/2022\/01\/hatter.png 252w, https:\/\/inclusion4all.eu\/wp-content\/uploads\/2022\/01\/hatter-232x300.png 232w\" sizes=\"(max-width: 252px) 100vw, 252px\" \/>\t\t\t\t\t\t\t\t<\/a>\n\t\t\t\t\t\t\t\t\t\t\t\t\t\t\t<\/div>\n\t\t\t\t<\/div>\n\t\t\t\t\t<\/div>\n\t\t<\/div>\n\t\t\t\t\t\t\t<\/div>\n\t\t<\/section>\n\t\t\t\t<div class=\"elementor-element elementor-element-3902e31 elementor-widget elementor-widget-heading\" data-id=\"3902e31\" data-element_type=\"widget\" data-widget_type=\"heading.default\">\n\t\t\t\t<div class=\"elementor-widget-container\">\n\t\t\t<h2 class=\"elementor-heading-title elementor-size-default\">La Universitat de Brescia<\/h2>\t\t<\/div>\n\t\t\t\t<\/div>\n\t\t\t\t<section class=\"elementor-section elementor-inner-section elementor-element elementor-element-8520951 elementor-section-full_width elementor-section-height-default elementor-section-height-default\" data-id=\"8520951\" data-element_type=\"section\">\n\t\t\t\t\t\t<div class=\"elementor-container elementor-column-gap-no\">\n\t\t\t\t\t<div class=\"elementor-column elementor-col-50 elementor-inner-column elementor-element elementor-element-b582992\" data-id=\"b582992\" data-element_type=\"column\">\n\t\t\t<div class=\"elementor-widget-wrap elementor-element-populated\">\n\t\t\t\t\t\t\t\t<div class=\"elementor-element elementor-element-b52e53c elementor-widget elementor-widget-text-editor\" data-id=\"b52e53c\" data-element_type=\"widget\" data-widget_type=\"text-editor.default\">\n\t\t\t\t<div class=\"elementor-widget-container\">\n\t\t\t\t\t\t\t<p>La Universitat de Brescia \u00e9s una universitat p\u00fablica de recerca italiana que es troba a la localitat de Brescia, fundada oficialment al 1982. La Universitat de Brescia actualment \u00e9s una universitat, de mida mitjana, que ofereix programes de qualitat i recerca competitives en \u00e0rees relacionades amb la Salut, el Dret, l\u2019Enginyeria i l\u2019Economia.<br \/>L\u2019objectiu de la Universitat \u00e9s millorar, (cont\u00ednuament), la qualitat de vida de les persones i de l\u2019entorn de Brescia, It\u00e0lia i el m\u00f3n en general, generant un coneixement cultural i t\u00e8cnic integrat i proporcionant formaci\u00f3 i eines per afrontar els reptes dels nostres temps.<\/p>\t\t\t\t\t\t<\/div>\n\t\t\t\t<\/div>\n\t\t\t\t<div class=\"elementor-element elementor-element-9870075 I4A-txt-link elementor-widget elementor-widget-heading\" data-id=\"9870075\" data-element_type=\"widget\" data-widget_type=\"heading.default\">\n\t\t\t\t<div class=\"elementor-widget-container\">\n\t\t\t<p class=\"elementor-heading-title elementor-size-default\"><a href=\"https:\/\/www.unibs.it\/\" target=\"_blank\">www.unibs.it<\/a><\/p>\t\t<\/div>\n\t\t\t\t<\/div>\n\t\t\t\t\t<\/div>\n\t\t<\/div>\n\t\t\t\t<div class=\"elementor-column elementor-col-50 elementor-inner-column elementor-element elementor-element-7183055\" data-id=\"7183055\" data-element_type=\"column\">\n\t\t\t<div class=\"elementor-widget-wrap elementor-element-populated\">\n\t\t\t\t\t\t\t\t<div class=\"elementor-element elementor-element-eb4fae3 elementor-widget elementor-widget-image\" data-id=\"eb4fae3\" data-element_type=\"widget\" data-widget_type=\"image.default\">\n\t\t\t\t<div class=\"elementor-widget-container\">\n\t\t\t\t\t\t\t\t\t\t\t\t\t\t\t\t<a href=\"https:\/\/www.unibs.it\/\" target=\"_blank\">\n\t\t\t\t\t\t\t<img width=\"446\" height=\"185\" src=\"https:\/\/inclusion4all.eu\/wp-content\/uploads\/2022\/01\/Unibs.png\" class=\"attachment-large size-large\" alt=\"\" loading=\"lazy\" srcset=\"https:\/\/inclusion4all.eu\/wp-content\/uploads\/2022\/01\/Unibs.png 446w, https:\/\/inclusion4all.eu\/wp-content\/uploads\/2022\/01\/Unibs-300x124.png 300w\" sizes=\"(max-width: 446px) 100vw, 446px\" \/>\t\t\t\t\t\t\t\t<\/a>\n\t\t\t\t\t\t\t\t\t\t\t\t\t\t\t<\/div>\n\t\t\t\t<\/div>\n\t\t\t\t\t<\/div>\n\t\t<\/div>\n\t\t\t\t\t\t\t<\/div>\n\t\t<\/section>\n\t\t\t\t<div class=\"elementor-element elementor-element-3edbe1b elementor-widget elementor-widget-heading\" data-id=\"3edbe1b\" data-element_type=\"widget\" data-widget_type=\"heading.default\">\n\t\t\t\t<div class=\"elementor-widget-container\">\n\t\t\t<h2 class=\"elementor-heading-title elementor-size-default\">SURT<\/h2>\t\t<\/div>\n\t\t\t\t<\/div>\n\t\t\t\t<section class=\"elementor-section elementor-inner-section elementor-element elementor-element-777bfdf elementor-section-full_width elementor-section-height-default elementor-section-height-default\" data-id=\"777bfdf\" data-element_type=\"section\">\n\t\t\t\t\t\t<div class=\"elementor-container elementor-column-gap-no\">\n\t\t\t\t\t<div class=\"elementor-column elementor-col-50 elementor-inner-column elementor-element elementor-element-bb10149\" data-id=\"bb10149\" data-element_type=\"column\">\n\t\t\t<div class=\"elementor-widget-wrap elementor-element-populated\">\n\t\t\t\t\t\t\t\t<div class=\"elementor-element elementor-element-b892891 elementor-widget elementor-widget-text-editor\" data-id=\"b892891\" data-element_type=\"widget\" data-widget_type=\"text-editor.default\">\n\t\t\t\t<div class=\"elementor-widget-container\">\n\t\t\t\t\t\t\t<p>SURT \u00e9s una fundaci\u00f3 de dones establerta a Barcelona des del 1993. Treballa per a fer efectius els drets econ\u00f2mics, socials i culturals de les dones i les persones LGBTI i per eradicar totes les formes de discriminacions per ra\u00f3 de g\u00e8nere.<\/p>\t\t\t\t\t\t<\/div>\n\t\t\t\t<\/div>\n\t\t\t\t<div class=\"elementor-element elementor-element-313e6d0 I4A-txt-link elementor-widget elementor-widget-heading\" data-id=\"313e6d0\" data-element_type=\"widget\" data-widget_type=\"heading.default\">\n\t\t\t\t<div class=\"elementor-widget-container\">\n\t\t\t<p class=\"elementor-heading-title elementor-size-default\"><a href=\"https:\/\/www.surt.org\/\" target=\"_blank\">www.surt.org<\/a><\/p>\t\t<\/div>\n\t\t\t\t<\/div>\n\t\t\t\t\t<\/div>\n\t\t<\/div>\n\t\t\t\t<div class=\"elementor-column elementor-col-50 elementor-inner-column elementor-element elementor-element-eacc009\" data-id=\"eacc009\" data-element_type=\"column\">\n\t\t\t<div class=\"elementor-widget-wrap elementor-element-populated\">\n\t\t\t\t\t\t\t\t<div class=\"elementor-element elementor-element-9181a85 elementor-widget elementor-widget-image\" data-id=\"9181a85\" data-element_type=\"widget\" data-widget_type=\"image.default\">\n\t\t\t\t<div class=\"elementor-widget-container\">\n\t\t\t\t\t\t\t\t\t\t\t\t\t\t\t\t<a href=\"https:\/\/www.surt.org\/\" target=\"_blank\">\n\t\t\t\t\t\t\t<img width=\"326\" height=\"147\" src=\"https:\/\/inclusion4all.eu\/wp-content\/uploads\/2022\/01\/SURT.png\" class=\"attachment-large size-large\" alt=\"\" loading=\"lazy\" srcset=\"https:\/\/inclusion4all.eu\/wp-content\/uploads\/2022\/01\/SURT.png 326w, https:\/\/inclusion4all.eu\/wp-content\/uploads\/2022\/01\/SURT-300x135.png 300w\" sizes=\"(max-width: 326px) 100vw, 326px\" \/>\t\t\t\t\t\t\t\t<\/a>\n\t\t\t\t\t\t\t\t\t\t\t\t\t\t\t<\/div>\n\t\t\t\t<\/div>\n\t\t\t\t\t<\/div>\n\t\t<\/div>\n\t\t\t\t\t\t\t<\/div>\n\t\t<\/section>\n\t\t\t\t<div class=\"elementor-element elementor-element-0eb37fb elementor-widget elementor-widget-heading\" data-id=\"0eb37fb\" data-element_type=\"widget\" data-widget_type=\"heading.default\">\n\t\t\t\t<div class=\"elementor-widget-container\">\n\t\t\t<h2 class=\"elementor-heading-title elementor-size-default\">TNN<\/h2>\t\t<\/div>\n\t\t\t\t<\/div>\n\t\t\t\t<section class=\"elementor-section elementor-inner-section elementor-element elementor-element-2aad5b1 elementor-section-full_width elementor-section-height-default elementor-section-height-default\" data-id=\"2aad5b1\" data-element_type=\"section\">\n\t\t\t\t\t\t<div class=\"elementor-container elementor-column-gap-no\">\n\t\t\t\t\t<div class=\"elementor-column elementor-col-50 elementor-inner-column elementor-element elementor-element-ea31c22\" data-id=\"ea31c22\" data-element_type=\"column\">\n\t\t\t<div class=\"elementor-widget-wrap elementor-element-populated\">\n\t\t\t\t\t\t\t\t<div class=\"elementor-element elementor-element-2977bcf elementor-widget elementor-widget-text-editor\" data-id=\"2977bcf\" data-element_type=\"widget\" data-widget_type=\"text-editor.default\">\n\t\t\t\t<div class=\"elementor-widget-container\">\n\t\t\t\t\t\t\t<p>Transgender Netwerk Nederland \u00e9s una organitzaci\u00f3 central en la defensa de l\u2019emancipaci\u00f3 de les persones transg\u00e8nere i no bin\u00e0ries als Pa\u00efsos Baixos des del 2008. Com a fundaci\u00f3, TNN treballa a gran escala per defensar els drets de les persones transg\u00e8nere i no bin\u00e0ries, amb la finalitat de construir una societat inclusiva amb la diversitat de g\u00e8nere.<\/p>\t\t\t\t\t\t<\/div>\n\t\t\t\t<\/div>\n\t\t\t\t<div class=\"elementor-element elementor-element-a426305 I4A-txt-link elementor-widget elementor-widget-heading\" data-id=\"a426305\" data-element_type=\"widget\" data-widget_type=\"heading.default\">\n\t\t\t\t<div class=\"elementor-widget-container\">\n\t\t\t<p class=\"elementor-heading-title elementor-size-default\"><a href=\"https:\/\/www.transgendernetwerk.nl\/\" target=\"_blank\">www.transgendernetwerk.nl<\/a><\/p>\t\t<\/div>\n\t\t\t\t<\/div>\n\t\t\t\t\t<\/div>\n\t\t<\/div>\n\t\t\t\t<div class=\"elementor-column elementor-col-50 elementor-inner-column elementor-element elementor-element-f048e2d\" data-id=\"f048e2d\" data-element_type=\"column\">\n\t\t\t<div class=\"elementor-widget-wrap elementor-element-populated\">\n\t\t\t\t\t\t\t\t<div class=\"elementor-element elementor-element-60146c0 elementor-widget elementor-widget-image\" data-id=\"60146c0\" data-element_type=\"widget\" data-widget_type=\"image.default\">\n\t\t\t\t<div class=\"elementor-widget-container\">\n\t\t\t\t\t\t\t\t\t\t\t\t\t\t\t\t<a href=\"https:\/\/www.transgendernetwerk.nl\/\" target=\"_blank\">\n\t\t\t\t\t\t\t<img width=\"404\" height=\"210\" src=\"https:\/\/inclusion4all.eu\/wp-content\/uploads\/2022\/01\/TNN.png\" class=\"attachment-large size-large\" alt=\"\" loading=\"lazy\" srcset=\"https:\/\/inclusion4all.eu\/wp-content\/uploads\/2022\/01\/TNN.png 404w, https:\/\/inclusion4all.eu\/wp-content\/uploads\/2022\/01\/TNN-300x156.png 300w\" sizes=\"(max-width: 404px) 100vw, 404px\" \/>\t\t\t\t\t\t\t\t<\/a>\n\t\t\t\t\t\t\t\t\t\t\t\t\t\t\t<\/div>\n\t\t\t\t<\/div>\n\t\t\t\t\t<\/div>\n\t\t<\/div>\n\t\t\t\t\t\t\t<\/div>\n\t\t<\/section>\n\t\t\t\t<div class=\"elementor-element elementor-element-05f9659 elementor-widget elementor-widget-heading\" data-id=\"05f9659\" data-element_type=\"widget\" data-widget_type=\"heading.default\">\n\t\t\t\t<div class=\"elementor-widget-container\">\n\t\t\t<h2 class=\"elementor-heading-title elementor-size-default\">Zagreb Pride<\/h2>\t\t<\/div>\n\t\t\t\t<\/div>\n\t\t\t\t<section class=\"elementor-section elementor-inner-section elementor-element elementor-element-d8960a8 elementor-section-full_width elementor-section-height-default elementor-section-height-default\" data-id=\"d8960a8\" data-element_type=\"section\">\n\t\t\t\t\t\t<div class=\"elementor-container elementor-column-gap-no\">\n\t\t\t\t\t<div class=\"elementor-column elementor-col-50 elementor-inner-column elementor-element elementor-element-9ae76c3\" data-id=\"9ae76c3\" data-element_type=\"column\">\n\t\t\t<div class=\"elementor-widget-wrap elementor-element-populated\">\n\t\t\t\t\t\t\t\t<div class=\"elementor-element elementor-element-4c32492 elementor-widget elementor-widget-text-editor\" data-id=\"4c32492\" data-element_type=\"widget\" data-widget_type=\"text-editor.default\">\n\t\t\t\t<div class=\"elementor-widget-container\">\n\t\t\t\t\t\t\tZagreb Pride \u00e9s una organitzaci\u00f3 queer feminista i antifeixista dedicada a aconseguir una societat participativa, solid\u00e0ria i igualit\u00e0ria, lliure de normes i categories sexuals i de g\u00e8nere, aix\u00ed com altres tipus d\u2019opressi\u00f3.<br>\t\t\t\t\t\t<\/div>\n\t\t\t\t<\/div>\n\t\t\t\t<div class=\"elementor-element elementor-element-dbace54 I4A-txt-link elementor-widget elementor-widget-heading\" data-id=\"dbace54\" data-element_type=\"widget\" data-widget_type=\"heading.default\">\n\t\t\t\t<div class=\"elementor-widget-container\">\n\t\t\t<p class=\"elementor-heading-title elementor-size-default\"><a href=\"https:\/\/www.zagreb-pride.net\/\" target=\"_blank\">www.zagreb-pride.net<\/a><\/p>\t\t<\/div>\n\t\t\t\t<\/div>\n\t\t\t\t\t<\/div>\n\t\t<\/div>\n\t\t\t\t<div class=\"elementor-column elementor-col-50 elementor-inner-column elementor-element elementor-element-4019039\" data-id=\"4019039\" data-element_type=\"column\">\n\t\t\t<div class=\"elementor-widget-wrap elementor-element-populated\">\n\t\t\t\t\t\t\t\t<div class=\"elementor-element elementor-element-a76dcfe elementor-widget elementor-widget-image\" data-id=\"a76dcfe\" data-element_type=\"widget\" data-widget_type=\"image.default\">\n\t\t\t\t<div class=\"elementor-widget-container\">\n\t\t\t\t\t\t\t\t\t\t\t\t\t\t\t\t<a href=\"https:\/\/www.zagreb-pride.net\/\" target=\"_blank\">\n\t\t\t\t\t\t\t<img width=\"258\" height=\"257\" src=\"https:\/\/inclusion4all.eu\/wp-content\/uploads\/2022\/01\/Zagreb-Pride.png\" class=\"attachment-large size-large\" alt=\"\" loading=\"lazy\" srcset=\"https:\/\/inclusion4all.eu\/wp-content\/uploads\/2022\/01\/Zagreb-Pride.png 258w, https:\/\/inclusion4all.eu\/wp-content\/uploads\/2022\/01\/Zagreb-Pride-150x150.png 150w\" sizes=\"(max-width: 258px) 100vw, 258px\" \/>\t\t\t\t\t\t\t\t<\/a>\n\t\t\t\t\t\t\t\t\t\t\t\t\t\t\t<\/div>\n\t\t\t\t<\/div>\n\t\t\t\t\t<\/div>\n\t\t<\/div>\n\t\t\t\t\t\t\t<\/div>\n\t\t<\/section>\n\t\t\t\t\t<\/div>\n\t\t<\/div>\n\t\t\t\t\t\t\t<\/div>\n\t\t<\/section>\n\t\t\t\t\t\t\t<\/div>\n\t\t","protected":false},"excerpt":{"rendered":"<p>Organitzacions s\u00f2cies H\u00e1tt\u00e9r L\u2019organitzaci\u00f3 H\u00e1tt\u00e9r, fundada el 1995, \u00e9s l\u2019organitzaci\u00f3 activa de lesbianes, gais, bisexuals, transg\u00e8nere, queer i intersex (LGBTQI) m\u00e9s gran i antiga a Hongria. Els nostres objectius principals s\u00f3n visibilitzar els problemes que afronten les persones LGBTQI; oferir serveis d\u2019atenci\u00f3; con\u00e8ixer la situaci\u00f3 i les necessitats de les persones LGBTQI;&nbsp; integrar&nbsp; aquestes preocupacions [&hellip;]<\/p>\n","protected":false},"author":2,"featured_media":0,"parent":0,"menu_order":3,"comment_status":"closed","ping_status":"closed","template":"","meta":[],"_links":{"self":[{"href":"https:\/\/inclusion4all.eu\/ca\/wp-json\/wp\/v2\/pages\/1102"}],"collection":[{"href":"https:\/\/inclusion4all.eu\/ca\/wp-json\/wp\/v2\/pages"}],"about":[{"href":"https:\/\/inclusion4all.eu\/ca\/wp-json\/wp\/v2\/types\/page"}],"author":[{"embeddable":true,"href":"https:\/\/inclusion4all.eu\/ca\/wp-json\/wp\/v2\/users\/2"}],"replies":[{"embeddable":true,"href":"https:\/\/inclusion4all.eu\/ca\/wp-json\/wp\/v2\/comments?post=1102"}],"version-history":[{"count":6,"href":"https:\/\/inclusion4all.eu\/ca\/wp-json\/wp\/v2\/pages\/1102\/revisions"}],"predecessor-version":[{"id":1661,"href":"https:\/\/inclusion4all.eu\/ca\/wp-json\/wp\/v2\/pages\/1102\/revisions\/1661"}],"wp:attachment":[{"href":"https:\/\/inclusion4all.eu\/ca\/wp-json\/wp\/v2\/media?parent=1102"}],"curies":[{"name":"wp","href":"https:\/\/api.w.org\/{rel}","templated":true}]}}