{"id":1091,"date":"2022-01-12T20:52:13","date_gmt":"2022-01-12T19:52:13","guid":{"rendered":"https:\/\/inclusion4all.eu\/publications\/"},"modified":"2022-12-01T06:38:50","modified_gmt":"2022-12-01T05:38:50","slug":"publicacions","status":"publish","type":"page","link":"https:\/\/inclusion4all.eu\/ca\/publicacions\/","title":{"rendered":"Publicacions"},"content":{"rendered":"\t\t<div data-elementor-type=\"wp-page\" data-elementor-id=\"1091\" class=\"elementor elementor-1091 elementor-406\">\n\t\t\t\t\t\t\t\t\t<section class=\"elementor-section elementor-top-section elementor-element elementor-element-5ccef43 elementor-section-full_width elementor-section-height-default elementor-section-height-default\" data-id=\"5ccef43\" data-element_type=\"section\" data-settings=\"{&quot;background_background&quot;:&quot;classic&quot;}\">\n\t\t\t\t\t\t<div class=\"elementor-container elementor-column-gap-no\">\n\t\t\t\t\t<div class=\"elementor-column elementor-col-100 elementor-top-column elementor-element elementor-element-c9766fd\" data-id=\"c9766fd\" data-element_type=\"column\">\n\t\t\t<div class=\"elementor-widget-wrap elementor-element-populated\">\n\t\t\t\t\t\t\t\t<div class=\"elementor-element elementor-element-b78858e elementor-widget elementor-widget-heading\" data-id=\"b78858e\" data-element_type=\"widget\" data-widget_type=\"heading.default\">\n\t\t\t\t<div class=\"elementor-widget-container\">\n\t\t\t<h1 class=\"elementor-heading-title elementor-size-default\">Publicacions<\/h1>\t\t<\/div>\n\t\t\t\t<\/div>\n\t\t\t\t\t<\/div>\n\t\t<\/div>\n\t\t\t\t\t\t\t<\/div>\n\t\t<\/section>\n\t\t\t\t<section class=\"elementor-section elementor-top-section elementor-element elementor-element-c153b3f elementor-section-full_width elementor-section-height-default elementor-section-height-default\" data-id=\"c153b3f\" data-element_type=\"section\" data-settings=\"{&quot;background_background&quot;:&quot;classic&quot;}\">\n\t\t\t\t\t\t<div class=\"elementor-container elementor-column-gap-no\">\n\t\t\t\t\t<div class=\"elementor-column elementor-col-100 elementor-top-column elementor-element elementor-element-0e1940f\" data-id=\"0e1940f\" data-element_type=\"column\">\n\t\t\t<div class=\"elementor-widget-wrap elementor-element-populated\">\n\t\t\t\t\t\t\t\t<div class=\"elementor-element elementor-element-5605042 elementor-widget elementor-widget-text-editor\" data-id=\"5605042\" data-element_type=\"widget\" data-widget_type=\"text-editor.default\">\n\t\t\t\t<div class=\"elementor-widget-container\">\n\t\t\t\t\t\t\t<p>Les publicacions del projecte Inclusion4All inclouen informes nacionals sobre la inclusi\u00f3 laboral de les persones trans, intersex i no bin\u00e0ries a Hongria, It\u00e0lia, Espanya, els Pa\u00efsos Baixos i Cro\u00e0cia, i tamb\u00e9, un informe comparatiu.<\/p>\t\t\t\t\t\t<\/div>\n\t\t\t\t<\/div>\n\t\t\t\t<div class=\"elementor-element elementor-element-396f9c2 elementor-widget elementor-widget-heading\" data-id=\"396f9c2\" data-element_type=\"widget\" data-widget_type=\"heading.default\">\n\t\t\t\t<div class=\"elementor-widget-container\">\n\t\t\t<h2 class=\"elementor-heading-title elementor-size-default\">Informes nacionals<\/h2>\t\t<\/div>\n\t\t\t\t<\/div>\n\t\t\t\t<div class=\"elementor-element elementor-element-db82622 elementor-widget elementor-widget-text-editor\" data-id=\"db82622\" data-element_type=\"widget\" data-widget_type=\"text-editor.default\">\n\t\t\t\t<div class=\"elementor-widget-container\">\n\t\t\t\t\t\t\t<p>Els nostres informes nacionals sobre la inclusi\u00f3 de les persones trans, intersex i no bin\u00e0ries als entorns laborals es poden descarregar aqu\u00ed:<\/p><ul><li>Informe nacional &#8211; Hongria (<a href=\"https:\/\/inclusion4all.eu\/wp-content\/uploads\/2022\/12\/Inclusion4All-National-report-Hungary_EN.pdf\" target=\"_blank\" rel=\"noopener\">English<\/a> \/ <a href=\"https:\/\/inclusion4all.eu\/wp-content\/uploads\/2022\/12\/Inclusion4All-National-report-Hungary_HU.pdf\" target=\"_blank\" rel=\"noopener\">Magyar<\/a>)<\/li><li>Informe nacional &#8211; It\u00e0lia (<a href=\"https:\/\/inclusion4all.eu\/wp-content\/uploads\/2022\/09\/Inclusion4All-National-report-Italy_EN.pdf\" target=\"_blank\" rel=\"noopener\">English<\/a> \/\u00a0<a href=\"https:\/\/inclusion4all.eu\/wp-content\/uploads\/2022\/09\/Inclusion4All-National-report-Italy_IT.pdf\" target=\"_blank\" rel=\"noopener\">Italiano<\/a>)<\/li><li>Informe nacional \u2013 Catalunya (Espanya) (<a href=\"https:\/\/inclusion4all.eu\/wp-content\/uploads\/2022\/09\/Inclusion4All-National-report-Catalonia_EN.pdf\" target=\"_blank\" rel=\"noopener\">English<\/a> \/ <a href=\"https:\/\/inclusion4all.eu\/wp-content\/uploads\/2022\/09\/Inclusion4All-National-report-Catalonia_CA.pdf\" target=\"_blank\" rel=\"noopener\">Catal\u00e0<\/a>)<\/li><li>Informe nacional &#8211; Pa\u00efsos Baixos (<a href=\"https:\/\/inclusion4all.eu\/wp-content\/uploads\/2022\/09\/Inclusion4All-National-report-Netherlands_EN.pdf\" target=\"_blank\" rel=\"noopener\">English<\/a> \/ <a href=\"https:\/\/inclusion4all.eu\/wp-content\/uploads\/2022\/09\/Inclusion4All-National-report-Netherlands_NL.pdf\" target=\"_blank\" rel=\"noopener\">Nederlands<\/a>)<\/li><li>Informe nacional \u2013 Cro\u00e0cia (<a href=\"https:\/\/inclusion4all.eu\/wp-content\/uploads\/2022\/09\/Inclusion4All-National-report-Croatia_EN.pdf\" target=\"_blank\" rel=\"noopener\">English<\/a> \/ <a href=\"https:\/\/inclusion4all.eu\/wp-content\/uploads\/2022\/09\/Inclusion4All-National-report-Croatia_CR.pdf\" target=\"_blank\" rel=\"noopener\">Hrvatski<\/a>)<\/li><\/ul>\t\t\t\t\t\t<\/div>\n\t\t\t\t<\/div>\n\t\t\t\t<div class=\"elementor-element elementor-element-c51a5ee elementor-widget elementor-widget-heading\" data-id=\"c51a5ee\" data-element_type=\"widget\" data-widget_type=\"heading.default\">\n\t\t\t\t<div class=\"elementor-widget-container\">\n\t\t\t<h2 class=\"elementor-heading-title elementor-size-default\">Informe comparatiu<\/h2>\t\t<\/div>\n\t\t\t\t<\/div>\n\t\t\t\t<div class=\"elementor-element elementor-element-6ea1e67 elementor-widget elementor-widget-text-editor\" data-id=\"6ea1e67\" data-element_type=\"widget\" data-widget_type=\"text-editor.default\">\n\t\t\t\t<div class=\"elementor-widget-container\">\n\t\t\t\t\t\t\t<p>L&#8217;informe comparatiu sobre la inclusi\u00f3 de persones trans, intersex i no bin\u00e0ries als entorns laborals als pa\u00efsos socis, elaborat per la Universitat de Brescia, es pot descarregar aqu\u00ed:<\/p><ul><li><a href=\"https:\/\/inclusion4all.eu\/wp-content\/uploads\/2022\/09\/Comparative-report_template.pdf\">Informe Comparatiu<\/a><\/li><\/ul>\t\t\t\t\t\t<\/div>\n\t\t\t\t<\/div>\n\t\t\t\t\t<\/div>\n\t\t<\/div>\n\t\t\t\t\t\t\t<\/div>\n\t\t<\/section>\n\t\t\t\t\t\t\t<\/div>\n\t\t","protected":false},"excerpt":{"rendered":"<p>Publicacions Les publicacions del projecte Inclusion4All inclouen informes nacionals sobre la inclusi\u00f3 laboral de les persones trans, intersex i no bin\u00e0ries a Hongria, It\u00e0lia, Espanya, els Pa\u00efsos Baixos i Cro\u00e0cia, i tamb\u00e9, un informe comparatiu. Informes nacionals Els nostres informes nacionals sobre la inclusi\u00f3 de les persones trans, intersex i no bin\u00e0ries als entorns laborals [&hellip;]<\/p>\n","protected":false},"author":2,"featured_media":0,"parent":0,"menu_order":5,"comment_status":"closed","ping_status":"closed","template":"","meta":[],"_links":{"self":[{"href":"https:\/\/inclusion4all.eu\/ca\/wp-json\/wp\/v2\/pages\/1091"}],"collection":[{"href":"https:\/\/inclusion4all.eu\/ca\/wp-json\/wp\/v2\/pages"}],"about":[{"href":"https:\/\/inclusion4all.eu\/ca\/wp-json\/wp\/v2\/types\/page"}],"author":[{"embeddable":true,"href":"https:\/\/inclusion4all.eu\/ca\/wp-json\/wp\/v2\/users\/2"}],"replies":[{"embeddable":true,"href":"https:\/\/inclusion4all.eu\/ca\/wp-json\/wp\/v2\/comments?post=1091"}],"version-history":[{"count":10,"href":"https:\/\/inclusion4all.eu\/ca\/wp-json\/wp\/v2\/pages\/1091\/revisions"}],"predecessor-version":[{"id":2760,"href":"https:\/\/inclusion4all.eu\/ca\/wp-json\/wp\/v2\/pages\/1091\/revisions\/2760"}],"wp:attachment":[{"href":"https:\/\/inclusion4all.eu\/ca\/wp-json\/wp\/v2\/media?parent=1091"}],"curies":[{"name":"wp","href":"https:\/\/api.w.org\/{rel}","templated":true}]}}